{"id":9868,"date":"2019-11-28T11:32:10","date_gmt":"2019-11-28T10:32:10","guid":{"rendered":"http:\/\/www.zsbystrocice.cz\/?page_id=9868"},"modified":"2019-11-28T11:32:10","modified_gmt":"2019-11-28T10:32:10","slug":"svet-nekonci-za-vratky-cvicime-se-zviratky","status":"publish","type":"page","link":"https:\/\/www.zsbystrocice.cz\/?page_id=9868","title":{"rendered":"Sv\u011bt nekon\u010d\u00ed za vr\u00e1tky &#8211; cvi\u010d\u00edme se zv\u00ed\u0159\u00e1tky"},"content":{"rendered":"","protected":false},"excerpt":{"rendered":"","protected":false},"author":2,"featured_media":0,"parent":132,"menu_order":3,"comment_status":"closed","ping_status":"open","template":"","meta":{"ngg_post_thumbnail":0},"_links":{"self":[{"href":"https:\/\/www.zsbystrocice.cz\/index.php?rest_route=\/wp\/v2\/pages\/9868"}],"collection":[{"href":"https:\/\/www.zsbystrocice.cz\/index.php?rest_route=\/wp\/v2\/pages"}],"about":[{"href":"https:\/\/www.zsbystrocice.cz\/index.php?rest_route=\/wp\/v2\/types\/page"}],"author":[{"embeddable":true,"href":"https:\/\/www.zsbystrocice.cz\/index.php?rest_route=\/wp\/v2\/users\/2"}],"replies":[{"embeddable":true,"href":"https:\/\/www.zsbystrocice.cz\/index.php?rest_route=%2Fwp%2Fv2%2Fcomments&post=9868"}],"version-history":[{"count":1,"href":"https:\/\/www.zsbystrocice.cz\/index.php?rest_route=\/wp\/v2\/pages\/9868\/revisions"}],"predecessor-version":[{"id":9869,"href":"https:\/\/www.zsbystrocice.cz\/index.php?rest_route=\/wp\/v2\/pages\/9868\/revisions\/9869"}],"up":[{"embeddable":true,"href":"https:\/\/www.zsbystrocice.cz\/index.php?rest_route=\/wp\/v2\/pages\/132"}],"wp:attachment":[{"href":"https:\/\/www.zsbystrocice.cz\/index.php?rest_route=%2Fwp%2Fv2%2Fmedia&parent=9868"}],"curies":[{"name":"wp","href":"https:\/\/api.w.org\/{rel}","templated":true}]}}