{"id":550,"date":"2014-04-15T08:16:39","date_gmt":"2014-04-15T07:16:39","guid":{"rendered":"http:\/\/www.zsbystrocice.cz\/?page_id=550"},"modified":"2017-06-21T11:13:55","modified_gmt":"2017-06-21T10:13:55","slug":"dekujeme","status":"publish","type":"page","link":"https:\/\/www.zsbystrocice.cz\/?page_id=550","title":{"rendered":"D\u011bkujeme"},"content":{"rendered":"<p>D\u011bkujeme panu Strej\u010dkovi za auta na p\u00edsek.<\/p>\n<p>D\u011bkujeme pan\u00ed Zlat\u011b M\u00e1drov\u00e9 za skv\u011blou exkurzi na jej\u00ed farm\u011b ve \u0160t\u011btovic\u00edch.<\/p>\n<p>D\u011bkujeme panu Dokoupilovi za \u00fa\u017easnou exkurzi v jejich rodinn\u00e9 firm\u011b DD sport v Dubanech.<\/p>\n<p>D\u011bkujeme v\u0161em, kte\u0159\u00ed zap\u016fj\u010dili &#8220; svoje poklady&#8220; na \u0161koln\u00ed v\u00fdstavu \u0160koln\u00ed han\u00e1ck\u00fd lidov\u00fd skanzen.<\/p>\n<p>Velk\u00e9 pod\u011bkov\u00e1n\u00ed pat\u0159\u00ed v\u0161em, kte\u0159\u00ed p\u0159isp\u011bli d\u011btem do jejich obch\u016fdk\u016f na akci V\u00edt\u00e1n\u00ed jara.<\/p>\n<p>Velmi d\u011bkujeme v\u0161em, kte\u0159\u00ed n\u00e1m pomohli s jarn\u00edm \u00faklidem zahrady. Byli to: man\u017eel\u00e9 Bulvovi, Dokoupilovi, Urbanovi, pan\u00ed \u010cudov\u00e1, pan\u00ed Tomkov\u00e1, pan\u00ed Havr\u00e1nkov\u00e1, pan\u00ed Kraj\u00ed\u010dkov\u00e1, pan Urb\u00e1nek a pan Ju\u0159ica.<\/p>\n<p>D\u011bkujeme pan\u00ed Iren\u011b Roln\u00e9 za u\u0161it\u00ed l\u00e1tkov\u00e9ho tunelu na cvi\u010den\u00ed a nov\u00fd potah na kol\u00e9bku.<\/p>\n<p>D\u011bkujeme pan\u00ed Urbanov\u00e9 za jarn\u00ed d\u00edlny pro d\u011bti ze t\u0159\u00eddy Ko\u0165at M\u0160.<\/p>\n<p>D\u011bkujeme pan\u00ed Bonaventurov\u00e9 za pap\u00edrov\u00e9 hv\u011bzdy &#8211; kr\u00e1sn\u011b n\u00e1m vyzdobily \u0161kolu.<\/p>\n<p>D\u011bkujeme panu Krej\u010di\u0159\u00edkovi za &#8220; betl\u00e9mskou hv\u011bzdu &#8220; ( n\u00e1kup + pomoc ).<\/p>\n<p>D\u011bkujeme p. Moudr\u00e9mu a p. Krej\u010di\u0159\u00edkovi za zimn\u00ed vych\u00e1zku ke krmelci.<\/p>\n<p>Velk\u00e9 pod\u011bkov\u00e1n\u00ed man\u017eel\u016fm Ban\u00e1\u0161ov\u00fdm za n\u00e1dhern\u00fd \u017eiv\u00fd betl\u00e9m v projektu Putov\u00e1n\u00ed za betl\u00e9mskou hv\u011bzdou.<\/p>\n<p>D\u011bkujeme pan\u00ed Havr\u00e1nkov\u00e9 za pern\u00edkovou chaloupku.<\/p>\n<p>D\u011bkujeme pan\u00ed Urbanov\u00e9 za materi\u00e1l na v\u00e1no\u010dn\u00ed tvo\u0159en\u00ed strome\u010dku z borovicov\u00e9 \u0161i\u0161ky.<\/p>\n<p>D\u011bkujeme panu Da\u0148kovi, panu Dekarovi, panu Hankovi, panu Ju\u0159icovi a panu Valachovi za kr\u00e1sn\u00e1 krm\u00edtka pro pt\u00e1\u010dky.<\/p>\n<p>D\u011bkujeme panu Dokoupilovi a panu Da\u0148kovi za zap\u016fj\u010den\u00ed pilek na d\u0159evo na v\u00fdrobu m\u00e1v\u00e1tek, kter\u00e1 d\u011bti pot\u0159ebovaly\u00a0p\u0159i vystoupen\u00ed na v\u00e1no\u010dn\u00edm jarmarku.<\/p>\n<p>D\u011bkujeme panu Dokoupilovi za zap\u016fj\u010den\u00ed san\u00ed na vystoupen\u00ed d\u011bt\u00ed M\u0160 na v\u00e1no\u010dn\u00edm jarmarku.<\/p>\n<p>D\u011bkujeme pan\u00ed Rozs\u00edvalov\u00e9, pan\u00ed Stejskalov\u00e9 a pan\u00ed Ceb\u00e1kov\u00e9 za materi\u00e1l na tvo\u0159en\u00ed ( stu\u017eky, knofl\u00edky, sko\u0159\u00e1pky, rozinky, jabl\u00ed\u010dka aj. ) pro d\u011bti v M\u0160.<\/p>\n<p><span style=\"color: #000000;\">D\u011bkujeme panu Moudr\u00e9mu za skv\u011blou besedu v klubovn\u011b m\u00edstn\u00edho mysliveck\u00e9ho sdru\u017een\u00ed v projektu K\u0159eslo pro hosta.<\/span><\/p>\n<p><span style=\"color: #000000;\">D\u011bkujeme v\u0161em rodi\u010d\u016fm, kte\u0159\u00ed pot\u011b\u0161ili d\u011bti sladkostmi a dobrotami na Hallowensk\u00e9 party.<\/span><\/p>\n<p><span style=\"color: #000000;\">D\u011bkujeme pan\u00ed Berkov\u00e9 za p\u0159\u00edsp\u011bvek na\u00a0 Halloween a draky na Draki\u00e1du.<\/span><\/p>\n<p><span style=\"color: #000000;\">D\u011bkujeme panu Melkusovi za\u00a0b\u00e1je\u010dnou roli kraj\u00e1nka v projektu Martinsk\u00e9 dopoledne.<\/span><\/p>\n<p><span style=\"color: #000000;\">D\u011bkujeme panu Kub\u00ed\u010dkovi za skv\u011blou besedu v projektu K\u0159eslo pro hosta.<\/span><\/p>\n<p><span style=\"color: #000000;\">D\u011bkujeme pan\u00ed Kry\u0161tovsk\u00e9 za pap\u00edry na kreslen\u00ed.<\/span><\/p>\n<p><span style=\"color: #000000;\">Velk\u00e9 pod\u011bkov\u00e1n\u00ed panu Kry\u0161tovsk\u00e9mu, pan\u00ed Kry\u0161tovsk\u00e9 a pan\u00ed Havr\u00e1nkov\u00e9 za\u00a0pomoc p\u0159i sb\u011bru pap\u00edru.<\/span><\/p>\n<p><span style=\"color: #000000;\">D\u011bkujeme panu Kub\u00ed\u010dkovi za sklenici bystro\u010dick\u00e9ho zel\u00ed &#8211; ochutn\u00e1vka pro zahrani\u010dn\u00ed studenty.<\/span><\/p>\n<p><span style=\"color: #000000;\">D\u011bkujeme pan\u00ed Urbanov\u00e9 za okrasn\u00e9 d\u00fdn\u011b.<\/span><\/p>\n<p><span style=\"color: #000000;\">D\u011bkujeme pan\u00ed Juha\u0148\u00e1kov\u00e9 za pap\u00edry na kreslen\u00ed.<\/span><\/p>\n<p><span style=\"color: #000000;\">Velk\u00e9 pod\u011bkov\u00e1n\u00ed rodin\u00e1m \u0160n\u00e1blovi, Zatloukalovi a Ban\u00e1\u0161ovi za ubytov\u00e1n\u00ed zahrani\u010dn\u00edch student\u016f, kte\u0159\u00ed na na\u0161\u00ed \u0161kole p\u016fsobili v projektu Edison.<\/span><\/p>\n<p><span style=\"color: #000000;\">D\u011bkujeme Spolku Bystro\u010dice Fest za sponzorsk\u00fd dar 5.000,-K\u010d.<\/span><\/p>\n<p><span style=\"color: #000000;\">D\u011bkujeme p\u0159\u00e1tel\u016fm motocykl\u016f za sponzorsk\u00fd dar &#8211; ko\u0161 pln\u00fd m\u00ed\u010d\u016f a dal\u0161\u00edch d\u00e1rk\u016f.<\/span><\/p>\n<p><span style=\"color: #000000;\">D\u011bkujeme Hana\u010dk\u00e1m z Ko\u017eu\u0161an T\u00e1\u017eal pod veden\u00edm pan\u00ed Lakom\u00e9 za kr\u00e1sn\u00e9 vystoupen\u00ed na z\u00e1v\u011bre\u010dn\u00e9 \u0161koln\u00ed slavnosti.<\/span><\/p>\n<p><span style=\"color: #000000;\">D\u011bkujeme v\u0161em, kte\u0159\u00ed v\u011bnovali\u00a0sladkosti, ovoce a\u00a0drobn\u00e9 hra\u010dky pro d\u011bti\u00a0do na\u0161eho obch\u016fdku na z\u00e1v\u011bre\u010dn\u00e9 \u0161koln\u00ed slavnosti.<\/span><\/p>\n<p>D\u011bkujeme pan\u00ed C\u00edglerov\u00e9 za \u0161erpy pro p\u0159ed\u0161kol\u00e1ky a \u017e\u00e1ky 5. ro\u010dn\u00edku.<\/p>\n<p>D\u011bkujeme pan\u00ed Urbanov\u00e9, pan\u00ed Dekarov\u00e9, panu Knapovi, panu Bulvovi, panu Zatloukalovi, panu Mahdalovi, pan\u00ed \u0160n\u00e1blov\u00e9,\u00a0man\u017eel\u016fm Kraj\u00ed\u010dkov\u00fdm a pan\u00ed Da\u0148kov\u00e9\u00a0za pomoc p\u0159i jarn\u00edm \u00faklidu \u0161koln\u00ed zahrady.<\/p>\n<p>D\u011bkujeme pan\u00ed \u0160pangrov\u00e9 za X-BOX a hry do \u0161koln\u00ed dru\u017einy.<\/p>\n<p>D\u011bkujeme panu Kry\u0161tovsk\u00e9mu a panu Mahdalovi za pomoc p\u0159i sb\u011bru pap\u00edru.<\/p>\n<p>D\u011bkujeme pan\u00ed Urbanov\u00e9 za materi\u00e1l a n\u00e1pady na d\u00e1re\u010dky pro maminky ke Dni matek pro d\u011bti v mate\u0159sk\u00e9 \u0161kole.<\/p>\n<p>D\u011bkujeme\u00a0pan\u00ed Urbanov\u00e9 za n\u00e1m\u011bty pro v\u00fdtvarnou \u010dinnost na velikono\u010dn\u00ed tvo\u0159en\u00ed v mate\u0159sk\u00e9 \u0161kole.<\/p>\n<p>D\u011bkujeme\u00a0pan\u00ed \u0160vestkov\u00e9 za velikono\u010dn\u00ed s\u00e1drov\u00e9 kachl\u00edky na vybarven\u00ed.<\/p>\n<p>D\u011bkujeme\u00a0pan\u00ed Stejskalov\u00e9 za sponzorsk\u00e9 d\u00e1rky do prodejn\u00edho obch\u016fdku na z\u00e1v\u011bre\u010dn\u00e9 vyhodnocen\u00ed sout\u011b\u017ee O nejlep\u0161\u00edho jedl\u00edka.<\/p>\n<p>D\u011bkujeme pan\u00ed Kry\u0161tovsk\u00e9 za pap\u00edry na kreslen\u00ed.<\/p>\n<p>D\u011bkujeme\u00a0RNDr. Alen\u011b Vondr\u00e1kov\u00e9, Ph.D.\u00a0za uspo\u0159\u00e1d\u00e1n\u00ed v\u00fdstavy Bystro\u010dice na star\u00fdch map\u00e1ch, kv\u00edz pro d\u011bti a\u00a0drobn\u00e9 ceny\u00a0na \u0161koln\u00ed akci V\u00e1no\u010dn\u00ed zp\u00edv\u00e1n\u00ed dne 21. 12. 2015.<\/p>\n<p>D\u011bkujeme pan\u00ed Urbanov\u00e9 za n\u00e1pady a materi\u00e1l k v\u00e1no\u010dn\u00edmu tvo\u0159en\u00ed\u00a0 v M\u0160.<\/p>\n<p>D\u011bkujeme panu Moudr\u00e9mu za v\u011btve jehli\u010dnan\u016f na v\u00e1no\u010dn\u00ed kytice a za v\u00e1no\u010dn\u00ed strome\u010dek do M\u0160.<\/p>\n<p>D\u011bkujeme pan\u00ed Pavelkov\u00e9 za d\u0159ev\u011bnou sochu sovy do t\u0159\u00eddy Z\u0160.<\/p>\n<p>D\u011bkujeme p. Hr\u016fzkovi a p. Ju\u0159icovi za pomoc s p\u0159esunem n\u00e1bytku ve t\u0159\u00edd\u00e1ch M\u0160.<\/p>\n<p>D\u011bkujeme pan\u00ed Urbanov\u00e9 za p\u0159\u00edrodniny, materi\u00e1l a pom\u016fcky k podzimn\u00edmu tvo\u0159en\u00ed v M\u0160.<\/p>\n<p>D\u011bkujeme man\u017eel\u016fm Kov\u00e1\u0159ov\u00fdm za stavebnici Didaktik &#8211; kostky do t\u0159\u00eddy M\u0160.<\/p>\n<p>D\u011bkujeme panu Kry\u0161tovsk\u00e9mu, pan\u00ed Kry\u0161tovsk\u00e9 a zam\u011bstnanc\u016fm Obce Bystro\u010dice za pomoc s odvozem p\u0159i podzimn\u00edm sb\u011bru pap\u00edru.<\/p>\n<p>D\u011bkujeme Spolku Bystro\u010dice Fest za sponzorsk\u00fd dar 2.000,-K\u010d.<\/p>\n<p>D\u011bkujeme v\u0161em, kte\u0159\u00ed n\u00e1m pomohli p\u0159i sout\u011b\u017e\u00edch na Z\u00e1v\u011bre\u010dn\u00e9 \u0161koln\u00ed slavnosti.<\/p>\n<p>D\u011bkujeme v\u0161em, kte\u0159\u00ed p\u0159isp\u011bli do na\u0161eho obch\u016fdku na Z\u00e1v\u011bre\u010dn\u00e9 \u0161koln\u00ed slavnosti.<\/p>\n<p>D\u011bkujeme pan\u00ed Urbanov\u00e9 za d\u00edlnu kor\u00e1lkov\u00e1n\u00ed na akci Z\u0160 po\u0159\u00e1dan\u00e9\u00a0ke Dni matek.<\/p>\n<p>D\u011bkujeme pan\u00ed Urbanov\u00e9 za n\u00e1pady a pomoc p\u0159i v\u00fdrob\u011b n\u00e1hrdeln\u00edk\u016f z kor\u00e1lk\u016f a ozdobn\u00fdch krabi\u010dek jako d\u00e1re\u010dk\u016f ke Dni matek pro d\u011bti z M\u0160<\/p>\n<p>D\u011bkujeme panu Kry\u0161tovsk\u00e9mu za pomoc s odvozem\u00a0p\u0159i jarn\u00edm sb\u011bru pap\u00edru.<\/p>\n<p>D\u011bkujeme man\u017eel\u016fm Kov\u00e1\u0159ov\u00fdm za n\u00e1st\u011bnnou mapu \u010cR.<\/p>\n<p>D\u011bkujeme pan\u00ed Hiemerov\u00e9 za fotky a focen\u00ed d\u011bt\u00ed na d\u011btsk\u00e9m karnevalu.<\/p>\n<p>D\u011bkujeme\u00a0za\u00a0p\u0159isp\u011bn\u00ed do tomboly na d\u011btsk\u00e9m karnevalu, kter\u00fd se konal v p\u00e1tek 27. 2. 2015.<\/p>\n<p>D\u011bkujeme pan\u00ed \u0160n\u00e1blov\u00e9 za u\u0161it\u00ed poh\u00e1dkov\u00fdch \u010depi\u010dek.<\/p>\n<p>D\u011bkujeme pan\u00ed Hiemerov\u00e9 za pexeso, pastelky a barevn\u00e9 pap\u00edry pro d\u011bti v M\u0160.<\/p>\n<p>V\u0161em\u00a0 d\u011bkujeme za pomoc p\u0159i sb\u011bru pap\u00edru, kter\u00fd se uskute\u010dnil dne 17. 10. 2014.\u00a0S odvozem n\u00e1m pomohli: pan Mahdal, pan Kry\u0161tovsk\u00fd, pan\u00ed Bielikov\u00e1, pan\u00ed \u0160n\u00e1blov\u00e1, pan Zatloukal.<\/p>\n<p>D\u011bkujeme panu Ju\u0159icovi, panu Sp\u00e1\u010dilovi, panu Stejskalovi, panu Bulvovi, panu \u0160pangrovi, panu Klukovi a panu Halouskovi za pomoc p\u0159i bour\u00e1n\u00ed d\u0159ev\u011bn\u00e9 k\u016flny na \u0161koln\u00edm dvo\u0159e.<\/p>\n<p>D\u011bkujeme v\u0161em za pomoc p\u0159i sb\u011bru pap\u00edru. S odvozem n\u00e1m pomohli: pan Mahdal, pan Kry\u0161tovsk\u00fd, pan Blaha, pan\u00ed Zatloukalov\u00e1, pan\u00ed \u0160n\u00e1blov\u00e1, pan\u00ed Bielikov\u00e1, pan Ju\u0159ica.<\/p>\n<p>D\u011bkujeme pan\u00ed Dvo\u0159\u00e1kov\u00e9 za u\u0161it\u00ed \u0161moul\u00edch \u010depi\u010dek a suk\u00fdnek na vystoupen\u00ed d\u011bt\u00ed M\u0160 na Velikono\u010dn\u00edm jarmarku.<\/p>\n<p>&nbsp;<\/p>\n","protected":false},"excerpt":{"rendered":"<p>D\u011bkujeme panu Strej\u010dkovi za auta na p\u00edsek. D\u011bkujeme pan\u00ed Zlat\u011b M\u00e1drov\u00e9 za skv\u011blou exkurzi na jej\u00ed farm\u011b ve \u0160t\u011btovic\u00edch. D\u011bkujeme panu Dokoupilovi za \u00fa\u017easnou exkurzi v jejich rodinn\u00e9 firm\u011b DD sport v Dubanech. D\u011bkujeme v\u0161em, kte\u0159\u00ed zap\u016fj\u010dili &#8220; svoje poklady&#8220; na \u0161koln\u00ed v\u00fdstavu \u0160koln\u00ed han\u00e1ck\u00fd lidov\u00fd skanzen. Velk\u00e9 pod\u011bkov\u00e1n\u00ed pat\u0159\u00ed [&hellip;]<\/p>\n","protected":false},"author":2,"featured_media":0,"parent":0,"menu_order":6,"comment_status":"closed","ping_status":"open","template":"","meta":{"ngg_post_thumbnail":0},"_links":{"self":[{"href":"https:\/\/www.zsbystrocice.cz\/index.php?rest_route=\/wp\/v2\/pages\/550"}],"collection":[{"href":"https:\/\/www.zsbystrocice.cz\/index.php?rest_route=\/wp\/v2\/pages"}],"about":[{"href":"https:\/\/www.zsbystrocice.cz\/index.php?rest_route=\/wp\/v2\/types\/page"}],"author":[{"embeddable":true,"href":"https:\/\/www.zsbystrocice.cz\/index.php?rest_route=\/wp\/v2\/users\/2"}],"replies":[{"embeddable":true,"href":"https:\/\/www.zsbystrocice.cz\/index.php?rest_route=%2Fwp%2Fv2%2Fcomments&post=550"}],"version-history":[{"count":45,"href":"https:\/\/www.zsbystrocice.cz\/index.php?rest_route=\/wp\/v2\/pages\/550\/revisions"}],"predecessor-version":[{"id":7378,"href":"https:\/\/www.zsbystrocice.cz\/index.php?rest_route=\/wp\/v2\/pages\/550\/revisions\/7378"}],"wp:attachment":[{"href":"https:\/\/www.zsbystrocice.cz\/index.php?rest_route=%2Fwp%2Fv2%2Fmedia&parent=550"}],"curies":[{"name":"wp","href":"https:\/\/api.w.org\/{rel}","templated":true}]}}