{"id":4999,"date":"2016-06-14T08:10:55","date_gmt":"2016-06-14T07:10:55","guid":{"rendered":"http:\/\/www.zsbystrocice.cz\/?page_id=4999"},"modified":"2016-06-27T21:14:34","modified_gmt":"2016-06-27T20:14:34","slug":"zavadeni-blended-learningu","status":"publish","type":"page","link":"https:\/\/www.zsbystrocice.cz\/?page_id=4999","title":{"rendered":"Zav\u00e1d\u011bn\u00ed blended learningu"},"content":{"rendered":"<p><a href=\"https:\/\/www.zsbystrocice.cz\/wp-content\/uploads\/2016\/05\/vyzva56logo.jpg\"><img loading=\"lazy\" class=\"alignnone size-full wp-image-4930\" alt=\"vyzva56logo\" src=\"https:\/\/www.zsbystrocice.cz\/wp-content\/uploads\/2016\/05\/vyzva56logo.jpg\" width=\"150\" height=\"212\" \/><\/a>N\u00e1zev projektu: <strong>Zav\u00e1d\u011bn\u00ed blended learningu<\/strong><\/p>\n<p>Registra\u010dn\u00ed \u010d\u00edslo projektu: CZ.1.07\/1.1.00\/57.0264<\/p>\n<p>C\u00edlem projektu je podpora rozvoje individu\u00e1ln\u00edch \u00fastn\u00edch komunika\u010dn\u00edch dovednost\u00ed \u017e\u00e1k\u016f a u\u010ditel\u016f v oblasti anglick\u00e9ho jazyka na z\u00e1kladn\u00ed \u0161kole, formou \u0159\u00edzen\u00e9, kombinovan\u00e9 a individualizovan\u00e9 v\u00fduky ( blended learningu ) na z\u00e1klad\u011b p\u0159irozen\u00e9 posloupnosti jednotliv\u00fdch f\u00e1z\u00ed osvojov\u00e1n\u00ed ciz\u00edho jazyka, tj. poslech &#8211; mluven\u00ed &#8211; \u010dten\u00ed &#8211; psan\u00ed.<\/p>\n<p>K zaveden\u00ed blended learningu v na\u0161\u00ed \u0161kole jsme vyu\u017eili platformu <a href=\"http:\/\/www.onlinejazyky.cz\">www.onlinejazyky.cz<\/a>. \u017d\u00e1ci a u\u010ditel\u00e9\u00a0si vyplnili vstupn\u00ed test a potom\u00a0 jim byl p\u0159id\u011blen kurz dle jejich \u00farovn\u011b. Kurzy byly zpracovan\u00e9 z\u00e1bavnou formou, \u017e\u00e1ky velmi bavily. Na za\u010d\u00e1tku lekce m\u011bli v\u017edy nov\u00e1 slov\u00ed\u010dka z ur\u010dit\u00e9ho okruhu, kter\u00e1 potom d\u00e1le upev\u0148ovali, procvi\u010dovali a opakovali. Hodnocen\u00ed na konci ka\u017ed\u00e9ho cvi\u010den\u00ed bylo vyj\u00e1d\u0159eno velmi vtipn\u011b a poutav\u011b. \u017d\u00e1ky bavilo a v\u017edy se na hodnocen\u00ed t\u011b\u0161ili. Ovl\u00e1d\u00e1n\u00ed programu bylo pro \u017e\u00e1ky jednoduch\u00e9 a snadn\u00e9, co\u017e je pozitivum tohoto produktu.<\/p>\n<p>Program jsme vyu\u017e\u00edvali jednou t\u00fddn\u011b v hodin\u011b AJ. \u017d\u00e1ci i u\u010ditel\u00e9 si mohli AJ procvi\u010dovat i doma pomoc\u00ed p\u0159\u00edstupov\u00fdch \u00fadaj\u016f, kter\u00e9 z\u00edskali ve \u0161kole.<\/p>\n<p>V\u00fdstupn\u00ed \u00farove\u0148 jazykov\u00e9ho vzd\u011bl\u00e1v\u00e1n\u00ed \u017e\u00e1k\u016f byla ur\u010dit\u011b napln\u011bna. U v\u0161ech \u017e\u00e1k\u016f do\u0161lo ke zlep\u0161en\u00ed \u00farovn\u011b. Pr\u00e1ce s v\u00fdukov\u00fdm programem byla mezi \u017e\u00e1ky velmi obl\u00edbena, v\u011bt\u0161ina se k programu vracela i mimo \u0161kolu.<\/p>\n<p>Tato metoda vzd\u011bl\u00e1v\u00e1n\u00ed \u017e\u00e1k\u016f je d\u011btem velmi bl\u00edzk\u00e1. Byla i p\u0159\u00ednosn\u00e1, co\u017e dokazuj\u00ed vstupn\u00ed a v\u00fdstupn\u00ed testy.<\/p>\n<p>Firma, kter\u00e1 na\u0161\u00ed \u0161kole tento program zprost\u0159edkovala, n\u00e1m nab\u00eddla ji\u017e v po\u010d\u00e1tku mo\u017enost vyu\u017eit\u00ed programu do konce \u0161koln\u00edho roku 2015\/2016. T\u00e9to mo\u017enosti jsme samoz\u0159ejm\u011b vyu\u017eili. Nyn\u00ed n\u00e1m bylo nab\u00eddnuto pokra\u010dov\u00e1n\u00ed v tomto v\u00fdukov\u00e9m programu za m\u00edrn\u00fd poplatek i v n\u00e1sleduj\u00edcc\u00edm \u0161koln\u00edm roce 2016\/2017. I t\u00e9to nab\u00eddky jsme vyu\u017eili, proto\u017ee se n\u00e1m potvrdilo, \u017ee tato metoda ve v\u00fduce AJ m\u00e1 smysl a je \u017e\u00e1ky velmi obl\u00edbena.<\/p>\n","protected":false},"excerpt":{"rendered":"<p>N\u00e1zev projektu: Zav\u00e1d\u011bn\u00ed blended learningu Registra\u010dn\u00ed \u010d\u00edslo projektu: CZ.1.07\/1.1.00\/57.0264 C\u00edlem projektu je podpora rozvoje individu\u00e1ln\u00edch \u00fastn\u00edch komunika\u010dn\u00edch dovednost\u00ed \u017e\u00e1k\u016f a u\u010ditel\u016f v oblasti anglick\u00e9ho jazyka na z\u00e1kladn\u00ed \u0161kole, formou \u0159\u00edzen\u00e9, kombinovan\u00e9 a individualizovan\u00e9 v\u00fduky ( blended learningu ) na z\u00e1klad\u011b p\u0159irozen\u00e9 posloupnosti jednotliv\u00fdch f\u00e1z\u00ed osvojov\u00e1n\u00ed ciz\u00edho jazyka, tj. poslech &#8211; [&hellip;]<\/p>\n","protected":false},"author":2,"featured_media":0,"parent":132,"menu_order":4,"comment_status":"closed","ping_status":"open","template":"","meta":{"ngg_post_thumbnail":0},"_links":{"self":[{"href":"https:\/\/www.zsbystrocice.cz\/index.php?rest_route=\/wp\/v2\/pages\/4999"}],"collection":[{"href":"https:\/\/www.zsbystrocice.cz\/index.php?rest_route=\/wp\/v2\/pages"}],"about":[{"href":"https:\/\/www.zsbystrocice.cz\/index.php?rest_route=\/wp\/v2\/types\/page"}],"author":[{"embeddable":true,"href":"https:\/\/www.zsbystrocice.cz\/index.php?rest_route=\/wp\/v2\/users\/2"}],"replies":[{"embeddable":true,"href":"https:\/\/www.zsbystrocice.cz\/index.php?rest_route=%2Fwp%2Fv2%2Fcomments&post=4999"}],"version-history":[{"count":4,"href":"https:\/\/www.zsbystrocice.cz\/index.php?rest_route=\/wp\/v2\/pages\/4999\/revisions"}],"predecessor-version":[{"id":5365,"href":"https:\/\/www.zsbystrocice.cz\/index.php?rest_route=\/wp\/v2\/pages\/4999\/revisions\/5365"}],"up":[{"embeddable":true,"href":"https:\/\/www.zsbystrocice.cz\/index.php?rest_route=\/wp\/v2\/pages\/132"}],"wp:attachment":[{"href":"https:\/\/www.zsbystrocice.cz\/index.php?rest_route=%2Fwp%2Fv2%2Fmedia&parent=4999"}],"curies":[{"name":"wp","href":"https:\/\/api.w.org\/{rel}","templated":true}]}}