{"id":4997,"date":"2016-06-14T08:10:31","date_gmt":"2016-06-14T07:10:31","guid":{"rendered":"http:\/\/www.zsbystrocice.cz\/?page_id=4997"},"modified":"2016-06-27T22:24:29","modified_gmt":"2016-06-27T21:24:29","slug":"bystrocice-do-evropy","status":"publish","type":"page","link":"https:\/\/www.zsbystrocice.cz\/?page_id=4997","title":{"rendered":"Bystro\u010dice do Evropy"},"content":{"rendered":"<p><a href=\"https:\/\/www.zsbystrocice.cz\/wp-content\/uploads\/2016\/05\/vyzva56logo.jpg\"><img loading=\"lazy\" class=\"alignnone size-full wp-image-4930\" alt=\"vyzva56logo\" src=\"https:\/\/www.zsbystrocice.cz\/wp-content\/uploads\/2016\/05\/vyzva56logo.jpg\" width=\"150\" height=\"212\" \/><\/a><strong>N\u00e1zev projektu:<\/strong> <strong>Bystro\u010dice do Evropy<\/strong><\/p>\n<p>Registra\u010dn\u00ed \u010d\u00edslo projektu: CZ.1.07\/1.1.00\/56.1375<\/p>\n<p><strong>N\u00e1zev kl\u00ed\u010dov\u00e9 aktivity: 1. \u010cten\u00e1\u0159sk\u00e9 d\u00edlny jako prost\u0159edek ke zkvalitn\u011bn\u00ed \u010dten\u00e1\u0159stv\u00ed a \u010dten\u00e1\u0159sk\u00e9 gramotnosti.<\/strong><\/p>\n<p>C\u00edlem t\u00e9to aktivity bylo zaveden\u00ed \u010dten\u00e1\u0159sk\u00e9 d\u00edlny do vzd\u011bl\u00e1vac\u00edho oboru \u010cesk\u00fd jazyk a literatura jako jednoho z prost\u0159edk\u016f ke zv\u00fd\u0161en\u00ed z\u00e1jmu o \u010dten\u00e1\u0159stv\u00ed a zlep\u0161en\u00ed \u010dten\u00e1\u0159sk\u00e9 gramotnosti. Do \u0161koln\u00ed knihovny bylo zakoupeno 415 kus\u016f knih pro d\u011bti.<\/p>\n<p><strong>2. Zahrani\u010dn\u00ed jazykov\u00fd kurz pro 2 pedagogy<\/strong><\/p>\n<p>C\u00edlem t\u00e9to aktivity bylo zlep\u0161en\u00ed jazykov\u00fdch kompetenc\u00ed pedagog\u016f na \u0161kole.<\/p>\n<p><strong>3. St\u00ednov\u00e1n\u00ed ( shadowing ) pro pedagogy ciz\u00edch jazyk\u016f, matematiky, p\u0159\u00edrodov\u011bdn\u00fdch a technick\u00fdch p\u0159edm\u011bt\u016f na partnersk\u00e9 \u0161kole v zahrani\u010d\u00ed<\/strong>.<\/p>\n<p>C\u00edlem t\u00e9to aktivity byl profesn\u00ed rozvoj pedagog\u016f v dan\u00fdch p\u0159edm\u011btech.<\/p>\n","protected":false},"excerpt":{"rendered":"<p>N\u00e1zev projektu: Bystro\u010dice do Evropy Registra\u010dn\u00ed \u010d\u00edslo projektu: CZ.1.07\/1.1.00\/56.1375 N\u00e1zev kl\u00ed\u010dov\u00e9 aktivity: 1. \u010cten\u00e1\u0159sk\u00e9 d\u00edlny jako prost\u0159edek ke zkvalitn\u011bn\u00ed \u010dten\u00e1\u0159stv\u00ed a \u010dten\u00e1\u0159sk\u00e9 gramotnosti. C\u00edlem t\u00e9to aktivity bylo zaveden\u00ed \u010dten\u00e1\u0159sk\u00e9 d\u00edlny do vzd\u011bl\u00e1vac\u00edho oboru \u010cesk\u00fd jazyk a literatura jako jednoho z prost\u0159edk\u016f ke zv\u00fd\u0161en\u00ed z\u00e1jmu o \u010dten\u00e1\u0159stv\u00ed a zlep\u0161en\u00ed \u010dten\u00e1\u0159sk\u00e9 gramotnosti. [&hellip;]<\/p>\n","protected":false},"author":2,"featured_media":0,"parent":132,"menu_order":3,"comment_status":"closed","ping_status":"open","template":"","meta":{"ngg_post_thumbnail":0},"_links":{"self":[{"href":"https:\/\/www.zsbystrocice.cz\/index.php?rest_route=\/wp\/v2\/pages\/4997"}],"collection":[{"href":"https:\/\/www.zsbystrocice.cz\/index.php?rest_route=\/wp\/v2\/pages"}],"about":[{"href":"https:\/\/www.zsbystrocice.cz\/index.php?rest_route=\/wp\/v2\/types\/page"}],"author":[{"embeddable":true,"href":"https:\/\/www.zsbystrocice.cz\/index.php?rest_route=\/wp\/v2\/users\/2"}],"replies":[{"embeddable":true,"href":"https:\/\/www.zsbystrocice.cz\/index.php?rest_route=%2Fwp%2Fv2%2Fcomments&post=4997"}],"version-history":[{"count":5,"href":"https:\/\/www.zsbystrocice.cz\/index.php?rest_route=\/wp\/v2\/pages\/4997\/revisions"}],"predecessor-version":[{"id":5372,"href":"https:\/\/www.zsbystrocice.cz\/index.php?rest_route=\/wp\/v2\/pages\/4997\/revisions\/5372"}],"up":[{"embeddable":true,"href":"https:\/\/www.zsbystrocice.cz\/index.php?rest_route=\/wp\/v2\/pages\/132"}],"wp:attachment":[{"href":"https:\/\/www.zsbystrocice.cz\/index.php?rest_route=%2Fwp%2Fv2%2Fmedia&parent=4997"}],"curies":[{"name":"wp","href":"https:\/\/api.w.org\/{rel}","templated":true}]}}