{"id":4995,"date":"2016-06-14T08:09:21","date_gmt":"2016-06-14T07:09:21","guid":{"rendered":"http:\/\/www.zsbystrocice.cz\/?page_id=4995"},"modified":"2016-06-14T08:09:21","modified_gmt":"2016-06-14T07:09:21","slug":"vzdelavame-se-individualne","status":"publish","type":"page","link":"https:\/\/www.zsbystrocice.cz\/?page_id=4995","title":{"rendered":"Vzd\u011bl\u00e1v\u00e1me se individu\u00e1ln\u011b"},"content":{"rendered":"<p>Reg. \u010d.<\/p>\n","protected":false},"excerpt":{"rendered":"<p>Reg. \u010d.<\/p>\n","protected":false},"author":2,"featured_media":0,"parent":132,"menu_order":2,"comment_status":"closed","ping_status":"open","template":"","meta":{"ngg_post_thumbnail":0},"_links":{"self":[{"href":"https:\/\/www.zsbystrocice.cz\/index.php?rest_route=\/wp\/v2\/pages\/4995"}],"collection":[{"href":"https:\/\/www.zsbystrocice.cz\/index.php?rest_route=\/wp\/v2\/pages"}],"about":[{"href":"https:\/\/www.zsbystrocice.cz\/index.php?rest_route=\/wp\/v2\/types\/page"}],"author":[{"embeddable":true,"href":"https:\/\/www.zsbystrocice.cz\/index.php?rest_route=\/wp\/v2\/users\/2"}],"replies":[{"embeddable":true,"href":"https:\/\/www.zsbystrocice.cz\/index.php?rest_route=%2Fwp%2Fv2%2Fcomments&post=4995"}],"version-history":[{"count":1,"href":"https:\/\/www.zsbystrocice.cz\/index.php?rest_route=\/wp\/v2\/pages\/4995\/revisions"}],"predecessor-version":[{"id":4996,"href":"https:\/\/www.zsbystrocice.cz\/index.php?rest_route=\/wp\/v2\/pages\/4995\/revisions\/4996"}],"up":[{"embeddable":true,"href":"https:\/\/www.zsbystrocice.cz\/index.php?rest_route=\/wp\/v2\/pages\/132"}],"wp:attachment":[{"href":"https:\/\/www.zsbystrocice.cz\/index.php?rest_route=%2Fwp%2Fv2%2Fmedia&parent=4995"}],"curies":[{"name":"wp","href":"https:\/\/api.w.org\/{rel}","templated":true}]}}