{"id":4990,"date":"2016-06-14T08:03:29","date_gmt":"2016-06-14T07:03:29","guid":{"rendered":"http:\/\/www.zsbystrocice.cz\/?page_id=4990"},"modified":"2016-06-27T19:15:27","modified_gmt":"2016-06-27T18:15:27","slug":"sfzp-cr","status":"publish","type":"page","link":"https:\/\/www.zsbystrocice.cz\/?page_id=4990","title":{"rendered":"Ekohr\u00e1tky v Jesen\u00edk\u00e1ch &#8211; SF\u017dP \u010cR"},"content":{"rendered":"<p><a href=\"https:\/\/www.zsbystrocice.cz\/wp-content\/uploads\/2016\/05\/SFZP_zkr_CMYKlogo150.jpg\"><img loading=\"lazy\" class=\"aligncenter\" alt=\"SFZP_CMYK_NEW\" src=\"https:\/\/www.zsbystrocice.cz\/wp-content\/uploads\/2016\/05\/SFZP_zkr_CMYKlogo150.jpg\" width=\"150\" height=\"144\" \/><\/a><\/p>\n<p><strong><strong>\u00a0Ekohr\u00e1tky v\u00a0Jesen\u00edk\u00e1ch<\/strong><\/strong><\/p>\n<p><strong>\u00a0ozdravn\u00fd pobyt podporovan\u00fd ze SF\u017dP \u010cR.<\/strong><\/p>\n<p><b><br clear=\"all\" \/> <\/b>V t\u00fddnu od 22. 2. 2016 do 28. 2. 2016 jsme uspo\u0159\u00e1dali ozdravn\u00fd pobyt Ekohr\u00e1tky v\u00a0Jesen\u00edk\u00e1ch v\u00a0obci Mal\u00e1 Mor\u00e1vka v Jesen\u00edk\u00e1ch, na kter\u00fd byla na\u0161\u00ed \u0161kole poskytnuta finan\u010dn\u00ed podpora ze St\u00e1tn\u00edho fondu \u017eivotn\u00edho prost\u0159ed\u00ed \u010cR.<\/p>\n<p>B\u011bhem pobytu pro\u0161li \u017e\u00e1ci ter\u00e9nn\u00edm ekologick\u00fdm programem, kter\u00fd pos\u00edlil jejich kladn\u00fd vztah k\u00a0p\u0159\u00edrod\u011b a p\u0159ibl\u00ed\u017eil vliv \u010dlov\u011bka na \u017eivotn\u00ed prost\u0159ed\u00ed. U \u017e\u00e1k\u016f byly d\u00e1le rozv\u00edjeny kl\u00ed\u010dov\u00e9 kompetence\u00a0 k\u00a0u\u010den\u00ed, kompetence k\u00a0\u0159e\u0161en\u00ed probl\u00e9m\u016f, soci\u00e1ln\u00ed a person\u00e1ln\u00ed, komunikativn\u00ed, ob\u010dansk\u00e9 a pracovn\u00ed. Nosn\u00fdm pil\u00ed\u0159em ekologick\u00e9ho programu byla t\u00e9mata: les, p\u016fda, trvale udr\u017eiteln\u00fd rozvoj, voda, probl\u00e9my \u017eivotn\u00edho prost\u0159ed\u00ed, \u010dlov\u011bk a krajina. Ozdravn\u00fd pobyt jsme tak\u00e9 vyu\u017eili k\u00a0pohybu a aktivn\u00edmu pobytu d\u011bt\u00ed na \u010derstv\u00e9m vzduchu. \u017d\u00e1ci v\u00a0r\u00e1mci ekoprogramu absolvovali denn\u011b p\u011b\u0161\u00ed v\u00fdlety po okol\u00ed. Na programu pro d\u011bti\u00a0jsme spolupracovali s ekologick\u00fdm sdru\u017een\u00edm H\u00e1jenka.<\/p>\n","protected":false},"excerpt":{"rendered":"<p>\u00a0Ekohr\u00e1tky v\u00a0Jesen\u00edk\u00e1ch \u00a0ozdravn\u00fd pobyt podporovan\u00fd ze SF\u017dP \u010cR. V t\u00fddnu od 22. 2. 2016 do 28. 2. 2016 jsme uspo\u0159\u00e1dali ozdravn\u00fd pobyt Ekohr\u00e1tky v\u00a0Jesen\u00edk\u00e1ch v\u00a0obci Mal\u00e1 Mor\u00e1vka v Jesen\u00edk\u00e1ch, na kter\u00fd byla na\u0161\u00ed \u0161kole poskytnuta finan\u010dn\u00ed podpora ze St\u00e1tn\u00edho fondu \u017eivotn\u00edho prost\u0159ed\u00ed \u010cR. B\u011bhem pobytu pro\u0161li \u017e\u00e1ci ter\u00e9nn\u00edm ekologick\u00fdm programem, [&hellip;]<\/p>\n","protected":false},"author":2,"featured_media":0,"parent":132,"menu_order":1,"comment_status":"closed","ping_status":"closed","template":"","meta":{"ngg_post_thumbnail":0},"_links":{"self":[{"href":"https:\/\/www.zsbystrocice.cz\/index.php?rest_route=\/wp\/v2\/pages\/4990"}],"collection":[{"href":"https:\/\/www.zsbystrocice.cz\/index.php?rest_route=\/wp\/v2\/pages"}],"about":[{"href":"https:\/\/www.zsbystrocice.cz\/index.php?rest_route=\/wp\/v2\/types\/page"}],"author":[{"embeddable":true,"href":"https:\/\/www.zsbystrocice.cz\/index.php?rest_route=\/wp\/v2\/users\/2"}],"replies":[{"embeddable":true,"href":"https:\/\/www.zsbystrocice.cz\/index.php?rest_route=%2Fwp%2Fv2%2Fcomments&post=4990"}],"version-history":[{"count":5,"href":"https:\/\/www.zsbystrocice.cz\/index.php?rest_route=\/wp\/v2\/pages\/4990\/revisions"}],"predecessor-version":[{"id":5361,"href":"https:\/\/www.zsbystrocice.cz\/index.php?rest_route=\/wp\/v2\/pages\/4990\/revisions\/5361"}],"up":[{"embeddable":true,"href":"https:\/\/www.zsbystrocice.cz\/index.php?rest_route=\/wp\/v2\/pages\/132"}],"wp:attachment":[{"href":"https:\/\/www.zsbystrocice.cz\/index.php?rest_route=%2Fwp%2Fv2%2Fmedia&parent=4990"}],"curies":[{"name":"wp","href":"https:\/\/api.w.org\/{rel}","templated":true}]}}