{"id":40,"date":"2014-01-23T14:58:57","date_gmt":"2014-01-23T13:58:57","guid":{"rendered":"http:\/\/www.zsbystrocice.cz\/?page_id=40"},"modified":"2014-02-06T10:30:48","modified_gmt":"2014-02-06T09:30:48","slug":"jidelnicek","status":"publish","type":"page","link":"https:\/\/www.zsbystrocice.cz\/?page_id=40","title":{"rendered":"J\u00eddeln\u00ed\u010dek"},"content":{"rendered":"<p>Aktu\u00e1ln\u00ed j\u00eddeln\u00ed\u010dek a dal\u0161\u00ed informace o stravov\u00e1n\u00ed <a href=\"http:\/\/www.zsolsany.cz\/jidelni.html\">zde<\/a>.<\/p>\n<p>&nbsp;<\/p>\n<p>&nbsp;<\/p>\n","protected":false},"excerpt":{"rendered":"<p>Aktu\u00e1ln\u00ed j\u00eddeln\u00ed\u010dek a dal\u0161\u00ed informace o stravov\u00e1n\u00ed zde. &nbsp; &nbsp;<\/p>\n","protected":false},"author":1,"featured_media":0,"parent":0,"menu_order":4,"comment_status":"closed","ping_status":"closed","template":"","meta":{"ngg_post_thumbnail":0},"_links":{"self":[{"href":"https:\/\/www.zsbystrocice.cz\/index.php?rest_route=\/wp\/v2\/pages\/40"}],"collection":[{"href":"https:\/\/www.zsbystrocice.cz\/index.php?rest_route=\/wp\/v2\/pages"}],"about":[{"href":"https:\/\/www.zsbystrocice.cz\/index.php?rest_route=\/wp\/v2\/types\/page"}],"author":[{"embeddable":true,"href":"https:\/\/www.zsbystrocice.cz\/index.php?rest_route=\/wp\/v2\/users\/1"}],"replies":[{"embeddable":true,"href":"https:\/\/www.zsbystrocice.cz\/index.php?rest_route=%2Fwp%2Fv2%2Fcomments&post=40"}],"version-history":[{"count":3,"href":"https:\/\/www.zsbystrocice.cz\/index.php?rest_route=\/wp\/v2\/pages\/40\/revisions"}],"predecessor-version":[{"id":43,"href":"https:\/\/www.zsbystrocice.cz\/index.php?rest_route=\/wp\/v2\/pages\/40\/revisions\/43"}],"wp:attachment":[{"href":"https:\/\/www.zsbystrocice.cz\/index.php?rest_route=%2Fwp%2Fv2%2Fmedia&parent=40"}],"curies":[{"name":"wp","href":"https:\/\/api.w.org\/{rel}","templated":true}]}}