{"id":4,"date":"2014-01-23T14:36:07","date_gmt":"2014-01-23T13:36:07","guid":{"rendered":"http:\/\/www.zsbystrocice.cz\/?page_id=4"},"modified":"2022-03-14T11:04:56","modified_gmt":"2022-03-14T10:04:56","slug":"o-skole","status":"publish","type":"page","link":"https:\/\/www.zsbystrocice.cz\/","title":{"rendered":"Z\u00e1kladn\u00ed \u0161kola"},"content":{"rendered":"\n<p>   Tady je z\u00e1kladn\u00ed text sekce  O N\u00c1S &#8211; post ID 4<\/p>\n\n\n\n<figure class=\"wp-block-pullquote\"><blockquote><p><span style=\"color:#ffaac2\" class=\"tadv-color\">Citation<\/span><\/p><cite><span style=\"color:rgba(224,0,157,0.9)\" class=\"tadv-color\">Obsah sem<\/span><\/cite><\/blockquote><\/figure>\n","protected":false},"excerpt":{"rendered":"<p>Tady je z\u00e1kladn\u00ed text sekce O N\u00c1S &#8211; post ID 4 Citation Obsah sem<\/p>\n","protected":false},"author":1,"featured_media":0,"parent":0,"menu_order":1,"comment_status":"closed","ping_status":"open","template":"","meta":{"ngg_post_thumbnail":0},"_links":{"self":[{"href":"https:\/\/www.zsbystrocice.cz\/index.php?rest_route=\/wp\/v2\/pages\/4"}],"collection":[{"href":"https:\/\/www.zsbystrocice.cz\/index.php?rest_route=\/wp\/v2\/pages"}],"about":[{"href":"https:\/\/www.zsbystrocice.cz\/index.php?rest_route=\/wp\/v2\/types\/page"}],"author":[{"embeddable":true,"href":"https:\/\/www.zsbystrocice.cz\/index.php?rest_route=\/wp\/v2\/users\/1"}],"replies":[{"embeddable":true,"href":"https:\/\/www.zsbystrocice.cz\/index.php?rest_route=%2Fwp%2Fv2%2Fcomments&post=4"}],"version-history":[{"count":6,"href":"https:\/\/www.zsbystrocice.cz\/index.php?rest_route=\/wp\/v2\/pages\/4\/revisions"}],"predecessor-version":[{"id":11907,"href":"https:\/\/www.zsbystrocice.cz\/index.php?rest_route=\/wp\/v2\/pages\/4\/revisions\/11907"}],"wp:attachment":[{"href":"https:\/\/www.zsbystrocice.cz\/index.php?rest_route=%2Fwp%2Fv2%2Fmedia&parent=4"}],"curies":[{"name":"wp","href":"https:\/\/api.w.org\/{rel}","templated":true}]}}