{"id":34,"date":"2014-01-23T14:47:33","date_gmt":"2014-01-23T13:47:33","guid":{"rendered":"http:\/\/www.zsbystrocice.cz\/?page_id=34"},"modified":"2025-09-04T13:15:33","modified_gmt":"2025-09-04T12:15:33","slug":"zajmove-krouzky","status":"publish","type":"page","link":"https:\/\/www.zsbystrocice.cz\/?page_id=34","title":{"rendered":"Z\u00e1jmov\u00e9 krou\u017eky"},"content":{"rendered":"<p>Folklorn\u00ed krou\u017eek&nbsp; \u00fater\u00fd 14:30 &#8211; 16:00 J. \u0160\u00e1lkov\u00e1 100,-k\u010d\/m\u011bs\u00edc<\/p>\n<p align=\"center\"><\/p>\n\n\n<p><\/p>\n","protected":false},"excerpt":{"rendered":"<p>Folklorn\u00ed krou\u017eek&nbsp; \u00fater\u00fd 14:30 &#8211; 16:00 J. \u0160\u00e1lkov\u00e1 100,-k\u010d\/m\u011bs\u00edc<\/p>\n","protected":false},"author":1,"featured_media":0,"parent":8,"menu_order":4,"comment_status":"closed","ping_status":"open","template":"","meta":{"ngg_post_thumbnail":0},"_links":{"self":[{"href":"https:\/\/www.zsbystrocice.cz\/index.php?rest_route=\/wp\/v2\/pages\/34"}],"collection":[{"href":"https:\/\/www.zsbystrocice.cz\/index.php?rest_route=\/wp\/v2\/pages"}],"about":[{"href":"https:\/\/www.zsbystrocice.cz\/index.php?rest_route=\/wp\/v2\/types\/page"}],"author":[{"embeddable":true,"href":"https:\/\/www.zsbystrocice.cz\/index.php?rest_route=\/wp\/v2\/users\/1"}],"replies":[{"embeddable":true,"href":"https:\/\/www.zsbystrocice.cz\/index.php?rest_route=%2Fwp%2Fv2%2Fcomments&post=34"}],"version-history":[{"count":17,"href":"https:\/\/www.zsbystrocice.cz\/index.php?rest_route=\/wp\/v2\/pages\/34\/revisions"}],"predecessor-version":[{"id":14228,"href":"https:\/\/www.zsbystrocice.cz\/index.php?rest_route=\/wp\/v2\/pages\/34\/revisions\/14228"}],"up":[{"embeddable":true,"href":"https:\/\/www.zsbystrocice.cz\/index.php?rest_route=\/wp\/v2\/pages\/8"}],"wp:attachment":[{"href":"https:\/\/www.zsbystrocice.cz\/index.php?rest_route=%2Fwp%2Fv2%2Fmedia&parent=34"}],"curies":[{"name":"wp","href":"https:\/\/api.w.org\/{rel}","templated":true}]}}