{"id":26,"date":"2014-01-23T14:46:24","date_gmt":"2014-01-23T13:46:24","guid":{"rendered":"http:\/\/www.zsbystrocice.cz\/?page_id=26"},"modified":"2025-10-09T20:23:42","modified_gmt":"2025-10-09T19:23:42","slug":"zajmove-krouzky","status":"publish","type":"page","link":"https:\/\/www.zsbystrocice.cz\/?page_id=26","title":{"rendered":"Z\u00e1jmov\u00e9 krou\u017eky"},"content":{"rendered":"\n<p><strong><u>Nab\u00eddka krou\u017ek\u016f na \u0161koln\u00ed rok 2025\/202<\/u>6<\/strong><\/p>\n\n\n\n<p>                                                         <\/p>\n\n\n\n<p>Folklorn\u00ed krou\u017eek&nbsp;&nbsp;&nbsp;&nbsp;&nbsp;&nbsp;&nbsp;&nbsp;&nbsp;&nbsp;&nbsp;&nbsp;&nbsp;&nbsp;&nbsp;&nbsp;&nbsp;&nbsp;&nbsp;&nbsp;&nbsp;&nbsp;&nbsp;&nbsp;&nbsp;&nbsp;&nbsp;&nbsp;&nbsp;&nbsp; \u00fater\u00fd 14:30 \u2013 16:00 J. \u0160\u00e1lkov\u00e1<\/p>\n\n\n\n<p><\/p>\n\n\n\n<p><strong>Krou\u017eky v r\u00e1mci \u0160D otev\u0159en\u00e9 od 20. 10. 2025<\/strong><\/p>\n\n\n\n<p>Liter\u00e1rn\u00ed krou\u017eek (\u0161koln\u00ed \u010dasopis)      p\u00e1tek 13:00 &#8211; 14:00 A. Kov\u00e1\u0159ov\u00e1<\/p>\n\n\n\n<p>Angli\u010dtina pro 2. ro\u010dn\u00edk Z\u0160                pond\u011bl\u00ed 13:00 &#8211; 14:00 K. Greplov\u00e1 Kysel\u00e1<\/p>\n\n\n\n<p>Angli\u010dtina pro 1. ro\u010dn\u00edk Z\u0160                    \u00fater\u00fd 12:30 &#8211; 13:30 L. Indr\u00e1kov\u00e1<\/p>\n\n\n\n<p>Tvo\u0159en\u00ed s Vendou    pro 3. a 4. ro\u010dn\u00edk Z\u0160        st\u0159eda 13:00 &#8211; 14:00 V. Kry\u0161tovsk\u00e1<\/p>\n\n\n\n<p>P\u0159\u00edprava na p\u0159ij\u00edma\u010dky pro 5. ro\u010dn\u00edk Z\u0160           st\u0159eda 13:00 &#8211; 14:00 H. Zajacov\u00e1 (\u010cJ), A. Kov\u00e1\u0159ov\u00e1 (M)<\/p>\n\n\n\n<p><\/p>\n\n\n\n<p><strong>Krou\u017eky v r\u00e1mci \u0160D otev\u0159en\u00e9 od 29. 9. 2025<\/strong>, kter\u00e9 prob\u00edhaj\u00ed od 16:00 do 17:00 s pan\u00ed vychovatelkou Lenkou Cigrovou:<\/p>\n\n\n\n<p>Sportovn\u00ed &#8211; pond\u011bl\u00ed, sokolovna<\/p>\n\n\n\n<p>V\u00fdtvarn\u00fd &#8211; \u00fater\u00fd, t\u0159\u00edda \u0160D<\/p>\n\n\n\n<p>Dramatick\u00fd &#8211; st\u0159eda, t\u0159\u00edda \u0160D<\/p>\n\n\n\n<p>Stoln\u00ed tenis &#8211; \u010dtvrtek, sokolovna<\/p>\n\n\n\n<p>Stoln\u00ed tenis &#8211; p\u00e1tek, sokolovna<\/p>\n\n\n\n<p><\/p>\n\n\n\n<p><\/p>\n\n\n\n<p><\/p>\n\n\n\n<p><\/p>\n\n\n\n<p><\/p>\n\n\n\n<p><\/p>\n","protected":false},"excerpt":{"rendered":"<p>Nab\u00eddka krou\u017ek\u016f na \u0161koln\u00ed rok 2025\/2026 Folklorn\u00ed krou\u017eek&nbsp;&nbsp;&nbsp;&nbsp;&nbsp;&nbsp;&nbsp;&nbsp;&nbsp;&nbsp;&nbsp;&nbsp;&nbsp;&nbsp;&nbsp;&nbsp;&nbsp;&nbsp;&nbsp;&nbsp;&nbsp;&nbsp;&nbsp;&nbsp;&nbsp;&nbsp;&nbsp;&nbsp;&nbsp;&nbsp; \u00fater\u00fd 14:30 \u2013 16:00 J. \u0160\u00e1lkov\u00e1 Krou\u017eky v r\u00e1mci \u0160D otev\u0159en\u00e9 od 20. 10. 2025 Liter\u00e1rn\u00ed krou\u017eek (\u0161koln\u00ed \u010dasopis) p\u00e1tek 13:00 &#8211; 14:00 A. Kov\u00e1\u0159ov\u00e1 Angli\u010dtina pro 2. ro\u010dn\u00edk Z\u0160 pond\u011bl\u00ed 13:00 &#8211; 14:00 K. Greplov\u00e1 Kysel\u00e1 Angli\u010dtina pro 1. ro\u010dn\u00edk Z\u0160 [&hellip;]<\/p>\n","protected":false},"author":1,"featured_media":0,"parent":4,"menu_order":7,"comment_status":"closed","ping_status":"closed","template":"","meta":{"ngg_post_thumbnail":0},"_links":{"self":[{"href":"https:\/\/www.zsbystrocice.cz\/index.php?rest_route=\/wp\/v2\/pages\/26"}],"collection":[{"href":"https:\/\/www.zsbystrocice.cz\/index.php?rest_route=\/wp\/v2\/pages"}],"about":[{"href":"https:\/\/www.zsbystrocice.cz\/index.php?rest_route=\/wp\/v2\/types\/page"}],"author":[{"embeddable":true,"href":"https:\/\/www.zsbystrocice.cz\/index.php?rest_route=\/wp\/v2\/users\/1"}],"replies":[{"embeddable":true,"href":"https:\/\/www.zsbystrocice.cz\/index.php?rest_route=%2Fwp%2Fv2%2Fcomments&post=26"}],"version-history":[{"count":45,"href":"https:\/\/www.zsbystrocice.cz\/index.php?rest_route=\/wp\/v2\/pages\/26\/revisions"}],"predecessor-version":[{"id":14254,"href":"https:\/\/www.zsbystrocice.cz\/index.php?rest_route=\/wp\/v2\/pages\/26\/revisions\/14254"}],"up":[{"embeddable":true,"href":"https:\/\/www.zsbystrocice.cz\/index.php?rest_route=\/wp\/v2\/pages\/4"}],"wp:attachment":[{"href":"https:\/\/www.zsbystrocice.cz\/index.php?rest_route=%2Fwp%2Fv2%2Fmedia&parent=26"}],"curies":[{"name":"wp","href":"https:\/\/api.w.org\/{rel}","templated":true}]}}