{"id":20,"date":"2014-01-23T14:44:49","date_gmt":"2014-01-23T13:44:49","guid":{"rendered":"http:\/\/www.zsbystrocice.cz\/?page_id=20"},"modified":"2024-10-02T12:01:06","modified_gmt":"2024-10-02T11:01:06","slug":"plan-akci","status":"publish","type":"page","link":"https:\/\/www.zsbystrocice.cz\/?page_id=20","title":{"rendered":"Pl\u00e1n akc\u00ed"},"content":{"rendered":"<p>.<\/p>\n<p align=\"center\"><strong><span style=\"text-decoration: underline;\">PL\u00c1N AKC\u00cd Z\u0160&nbsp; BYSTRO\u010cICE<\/span><span style=\"text-decoration: underline;\">&nbsp;<\/span><\/strong><\/p>\n<p><strong>Z\u00e1\u0159\u00ed&nbsp;&nbsp;<\/strong><\/p>\n<p>2. 9. 2024&nbsp; &nbsp; Zah\u00e1jen\u00ed nov\u00e9ho \u0161koln\u00edho roku<\/p>\n<p>10. 9. 2024&nbsp; Zah\u00e1jen plaveck\u00fd v\u00fdcvik<\/p>\n<p>12. 9. 2024 Sch\u016fzka rodi\u010d\u016f \u017e\u00e1k\u016f Z\u0160 v 16:30<\/p>\n<p>21. 9. 2024 Slavnosti bab\u00edho l\u00e9ta &#8211; akce Obce Bystro\u010dice<\/p>\n<p>25. 9. 2024 Z\u00e1\u017eitkov\u00e9 focen\u00ed se sovou + beseda<\/p>\n<p><strong>\u0158\u00edjen<\/strong><\/p>\n<p>4. 10. 2024 Cestopis Chile v kin\u011b Metropol<\/p>\n<p><strong>Listopad<\/strong><\/p>\n<p>&nbsp;7. 11. 2024 Hovorov\u00e9 hodiny &#8211; sch\u016fzka rodi\u010d\u016f za p\u0159\u00edtomnosti d\u00edt\u011bte<\/p>\n<p>Svat\u00fd Martin<\/p>\n<p>Slavnosti Slabik\u00e1\u0159e v Z\u0160<\/p>\n<p><strong>Prosinec<\/strong><\/p>\n<p>&nbsp;Mikul\u00e1\u0161 v Z\u0160<\/p>\n<p>&nbsp;V\u00e1no\u010dn\u00ed jarmark<\/p>\n<p>V\u00e1no\u010dn\u00ed strom pro zv\u00ed\u0159\u00e1tka a pt\u00e1\u010dky<\/p>\n<p>V\u00e1no\u010dn\u00ed bes\u00eddka &#8211; dopoledn\u00ed projekt pro d\u011bti ve t\u0159\u00edd\u00e1ch<\/p>\n<p><strong>Leden<\/strong><\/p>\n<p>T\u0159\u00edkr\u00e1lov\u00e1 sb\u00edrka v obci<\/p>\n<p>&nbsp;23. 1. 2025 Konzulta\u010dn\u00ed hodiny pro rodi\u010de \u017e\u00e1k\u016f Z\u0160&nbsp;<\/p>\n<p>30. 1. 2025&nbsp; &nbsp; P\u0159ed\u00e1n\u00ed v\u00fdpisu z vysv\u011bd\u010den\u00ed za 1. pololet\u00ed&nbsp;<\/p>\n<p>31. 1. 2025 Pololetn\u00ed pr\u00e1zdniny<\/p>\n<p><strong>\u00danor<\/strong><\/p>\n<p>Masopust<\/p>\n<p><strong>B\u0159ezen<\/strong><\/p>\n<p>10. 3. &#8211; 16. 3. 2025 Jarn\u00ed pr\u00e1zdniny<\/p>\n<p>&nbsp;Vyn\u00e1\u0161en\u00ed Moreny ve \u0161koln\u00ed dru\u017ein\u011b<\/p>\n<p>27. 3. 2025 Den otev\u0159en\u00fdch dve\u0159\u00ed v Z\u0160<\/p>\n<p><\/p>\n<p><strong>Duben<\/strong><\/p>\n<p>Kraslicovn\u00edk p\u0159ed \u0161kolou<\/p>\n<p>10. 4. 2025 Z\u00e1pis do 1. ro\u010dn\u00edku Z\u0160&nbsp;<\/p>\n<p>24. 4. 2025 Hovorov\u00e9 hodiny &#8211; sch\u016fzka rodi\u010d\u016f za p\u0159\u00edtomnosti d\u00edt\u011bte<\/p>\n<p>28. 4. &#8211; 30. 4. 2025 \u0160kola v p\u0159\u00edrod\u011b<\/p>\n<p><strong>Kv\u011bten<\/strong><\/p>\n<p>Den rodiny<\/p>\n<p><strong>\u010cerven<\/strong><\/p>\n<p>V\u00fdlet<\/p>\n<p>20. 6. 2025 Z\u00e1v\u011bre\u010dn\u00e1 \u0161koln\u00ed slavnost<\/p>\n<p>Pl\u00e1n akc\u00ed bude v pr\u016fb\u011bhu roku dopl\u0148ov\u00e1n o divadeln\u00ed p\u0159edstaven\u00ed, v\u00fdstavy, vzd\u011bl\u00e1vac\u00ed programy, projekty ve \u0161kole i mimo \u0161kolu, sout\u011b\u017ee pro d\u011bti.&nbsp;<\/p>\n<p><\/p>\n\n\n<p><\/p>\n","protected":false},"excerpt":{"rendered":"<p>. PL\u00c1N AKC\u00cd Z\u0160&nbsp; BYSTRO\u010cICE&nbsp; Z\u00e1\u0159\u00ed&nbsp;&nbsp; 2. 9. 2024&nbsp; &nbsp; Zah\u00e1jen\u00ed nov\u00e9ho \u0161koln\u00edho roku 10. 9. 2024&nbsp; Zah\u00e1jen plaveck\u00fd v\u00fdcvik 12. 9. 2024 Sch\u016fzka rodi\u010d\u016f \u017e\u00e1k\u016f Z\u0160 v 16:30 21. 9. 2024 Slavnosti bab\u00edho l\u00e9ta &#8211; akce Obce Bystro\u010dice 25. 9. 2024 Z\u00e1\u017eitkov\u00e9 focen\u00ed se sovou + beseda \u0158\u00edjen 4. [&hellip;]<\/p>\n","protected":false},"author":1,"featured_media":0,"parent":4,"menu_order":3,"comment_status":"closed","ping_status":"open","template":"","meta":{"ngg_post_thumbnail":0},"_links":{"self":[{"href":"https:\/\/www.zsbystrocice.cz\/index.php?rest_route=\/wp\/v2\/pages\/20"}],"collection":[{"href":"https:\/\/www.zsbystrocice.cz\/index.php?rest_route=\/wp\/v2\/pages"}],"about":[{"href":"https:\/\/www.zsbystrocice.cz\/index.php?rest_route=\/wp\/v2\/types\/page"}],"author":[{"embeddable":true,"href":"https:\/\/www.zsbystrocice.cz\/index.php?rest_route=\/wp\/v2\/users\/1"}],"replies":[{"embeddable":true,"href":"https:\/\/www.zsbystrocice.cz\/index.php?rest_route=%2Fwp%2Fv2%2Fcomments&post=20"}],"version-history":[{"count":31,"href":"https:\/\/www.zsbystrocice.cz\/index.php?rest_route=\/wp\/v2\/pages\/20\/revisions"}],"predecessor-version":[{"id":13627,"href":"https:\/\/www.zsbystrocice.cz\/index.php?rest_route=\/wp\/v2\/pages\/20\/revisions\/13627"}],"up":[{"embeddable":true,"href":"https:\/\/www.zsbystrocice.cz\/index.php?rest_route=\/wp\/v2\/pages\/4"}],"wp:attachment":[{"href":"https:\/\/www.zsbystrocice.cz\/index.php?rest_route=%2Fwp%2Fv2%2Fmedia&parent=20"}],"curies":[{"name":"wp","href":"https:\/\/api.w.org\/{rel}","templated":true}]}}