{"id":18,"date":"2014-01-23T14:44:19","date_gmt":"2014-01-23T13:44:19","guid":{"rendered":"http:\/\/www.zsbystrocice.cz\/?page_id=18"},"modified":"2025-08-29T10:13:26","modified_gmt":"2025-08-29T09:13:26","slug":"organizace-skolniho-roku","status":"publish","type":"page","link":"https:\/\/www.zsbystrocice.cz\/?page_id=18","title":{"rendered":"Organizace \u0161koln\u00edho roku"},"content":{"rendered":"<h1 align=\"center\">Organizace \u0161koln\u00edho roku 2025\/2026<\/h1>\n<p>Obdob\u00ed \u0161koln\u00edho vyu\u010dov\u00e1n\u00ed ve \u0161koln\u00edm roce 2025\/2026 za\u010dne v z\u00e1kladn\u00ed \u0161kole <b>v pond\u011bl\u00ed 1. z\u00e1\u0159\u00ed 2025.<\/b><\/p>\n<p>Vyu\u010dov\u00e1n\u00ed bude v&nbsp;1. pololet\u00ed ukon\u010deno <b>ve \u010dtvrtek 29. ledna 2026.<\/b><\/p>\n<p>Obdob\u00ed \u0161koln\u00edho vyu\u010dov\u00e1n\u00ed ve druh\u00e9m pololet\u00ed bude ukon\u010deno <b>v \u00fater\u00fd<\/b><strong> 30<\/strong><b>. \u010dervna 2026.<\/b><\/p>\n<p><b>Podzimn\u00ed pr\u00e1zdniny <\/b>p\u0159ipadnou na pond\u011bl\u00ed<b> 27. \u0159\u00edjna a st\u0159edu 29. \u0159\u00edjna<\/b> <b>2025.<\/b> <b><\/b><\/p>\n<p><b>V\u00e1no\u010dn\u00ed pr\u00e1zdniny <\/b>budou zah\u00e1jeny&nbsp;<b>v pond\u011bl\u00ed 22. prosince 2025<\/b>&nbsp;a skon\u010d\u00ed <b>v p\u00e1tek 2. ledna 2026<\/b>. Vyu\u010dov\u00e1n\u00ed za\u010dne <b>v pond\u011bl\u00ed 5. ledna<\/b> <b>2026. <\/b><\/p>\n<p><b>Jednodenn\u00ed pololetn\u00ed pr\u00e1zdniny<\/b> p\u0159ipadnou <b>na p\u00e1tek 30. ledna 2026<\/b>.<\/p>\n<p><b>Jarn\u00ed pr\u00e1zdniny<\/b> v&nbsp;d\u00e9lce jednoho t\u00fddne jsou v&nbsp;okrese Olomouc stanoveny <b>od pond\u011bl\u00ed 2. \u00fanora do ned\u011ble 8. \u00fanora 2026<\/b>.<\/p>\n<p><b>Velikono\u010dn\u00ed pr\u00e1zdniny<\/b> p\u0159ipadnou <b>na \u010dtvrtek 2. dubna 2026, p\u00e1tek 3.<\/b><strong> dubna<\/strong><b> 2026 je tzv. ostatn\u00edm sv\u00e1tkem podle z\u00e1kona \u010d. 245\/2000 Sb., o st\u00e1tn\u00edch sv\u00e1tc\u00edch, o ostatn\u00edch sv\u00e1tc\u00edch, o v\u00fdznamn\u00fdch dnech a o dnech pracovn\u00edho klidu.<\/b><\/p>\n<p><b>Hlavn\u00ed pr\u00e1zdniny<\/b> budou trvat <b>od 1. \u010dervence 2026 do 31.<\/b><strong> srpna<\/strong><b> 2026.<\/b><\/p>\n<p>Obdob\u00ed \u0161koln\u00edho vyu\u010dov\u00e1n\u00ed ve \u0161koln\u00edm roce 2026\/2027 za\u010dne <b>v \u00fater\u00fd 1. z\u00e1\u0159\u00ed 2026.<\/b><\/p>\n<p><b>&nbsp;<\/b><\/p>\n<p><b>&nbsp;<\/b><\/p>\n<p><b>&nbsp;<\/b><\/p>\n\n\n<p><\/p>\n","protected":false},"excerpt":{"rendered":"<p>Organizace \u0161koln\u00edho roku 2025\/2026 Obdob\u00ed \u0161koln\u00edho vyu\u010dov\u00e1n\u00ed ve \u0161koln\u00edm roce 2025\/2026 za\u010dne v z\u00e1kladn\u00ed \u0161kole v pond\u011bl\u00ed 1. z\u00e1\u0159\u00ed 2025. Vyu\u010dov\u00e1n\u00ed bude v&nbsp;1. pololet\u00ed ukon\u010deno ve \u010dtvrtek 29. ledna 2026. Obdob\u00ed \u0161koln\u00edho vyu\u010dov\u00e1n\u00ed ve druh\u00e9m pololet\u00ed bude ukon\u010deno v \u00fater\u00fd 30. \u010dervna 2026. Podzimn\u00ed pr\u00e1zdniny p\u0159ipadnou na pond\u011bl\u00ed 27. \u0159\u00edjna [&hellip;]<\/p>\n","protected":false},"author":1,"featured_media":0,"parent":4,"menu_order":2,"comment_status":"closed","ping_status":"open","template":"","meta":{"ngg_post_thumbnail":0},"_links":{"self":[{"href":"https:\/\/www.zsbystrocice.cz\/index.php?rest_route=\/wp\/v2\/pages\/18"}],"collection":[{"href":"https:\/\/www.zsbystrocice.cz\/index.php?rest_route=\/wp\/v2\/pages"}],"about":[{"href":"https:\/\/www.zsbystrocice.cz\/index.php?rest_route=\/wp\/v2\/types\/page"}],"author":[{"embeddable":true,"href":"https:\/\/www.zsbystrocice.cz\/index.php?rest_route=\/wp\/v2\/users\/1"}],"replies":[{"embeddable":true,"href":"https:\/\/www.zsbystrocice.cz\/index.php?rest_route=%2Fwp%2Fv2%2Fcomments&post=18"}],"version-history":[{"count":16,"href":"https:\/\/www.zsbystrocice.cz\/index.php?rest_route=\/wp\/v2\/pages\/18\/revisions"}],"predecessor-version":[{"id":14192,"href":"https:\/\/www.zsbystrocice.cz\/index.php?rest_route=\/wp\/v2\/pages\/18\/revisions\/14192"}],"up":[{"embeddable":true,"href":"https:\/\/www.zsbystrocice.cz\/index.php?rest_route=\/wp\/v2\/pages\/4"}],"wp:attachment":[{"href":"https:\/\/www.zsbystrocice.cz\/index.php?rest_route=%2Fwp%2Fv2%2Fmedia&parent=18"}],"curies":[{"name":"wp","href":"https:\/\/api.w.org\/{rel}","templated":true}]}}