{"id":1571,"date":"2014-10-22T12:33:17","date_gmt":"2014-10-22T11:33:17","guid":{"rendered":"http:\/\/www.zsbystrocice.cz\/?page_id=1571"},"modified":"2026-03-09T10:26:58","modified_gmt":"2026-03-09T09:26:58","slug":"dokumenty","status":"publish","type":"page","link":"https:\/\/www.zsbystrocice.cz\/?page_id=1571","title":{"rendered":"Dokumenty"},"content":{"rendered":"\n<div class=\"wp-block-file\"><a id=\"wp-block-file--media-c4c18fc6-1ba3-4f05-8aaf-312dd3560aaa\" href=\"https:\/\/www.zsbystrocice.cz\/wp-content\/uploads\/2022\/08\/Rozvrh-hodin-od-1.-9.-2022.pdf\"><br><\/a><\/div>\n\n\n\n<ul><li><a href=\"https:\/\/www.zsbystrocice.cz\/wp-content\/uploads\/2022\/08\/Seznam-pomucek-pro-2.-5.-rocnik-ZS.pdf\">Seznam pom\u016fcek pro \u017e\u00e1ky 2. &#8211; 5. ro\u010dn\u00edku Z\u0160<\/a><\/li><li><a href=\"https:\/\/www.zsbystrocice.cz\/wp-content\/uploads\/2014\/10\/\u0160koln\u00ed-\u0159\u00e1d.pdf\">\u0160koln\u00ed \u0159\u00e1d<\/a><\/li><li><a href=\"https:\/\/www.zsbystrocice.cz\/wp-content\/uploads\/2014\/10\/Provozn\u00ed-\u0159\u00e1d2.pdf\">Provozn\u00ed \u0159\u00e1d<\/a><\/li><li><a href=\"https:\/\/www.zsbystrocice.cz\/wp-content\/uploads\/2014\/03\/Pravidla-pro-hodnocen\u00ed-v\u00fdsledk\u016f-vzd\u011bl\u00e1v\u00e1n\u00ed-\u017e\u00e1k\u016f.pdf\">Pravidla pro hodnocen\u00ed v\u00fdsledk\u016f vzd\u011bl\u00e1v\u00e1n\u00ed \u017e\u00e1k\u016f<\/a><\/li><li><a href=\"https:\/\/www.zsbystrocice.cz\/wp-content\/uploads\/2014\/01\/uvolneni-z-vyuky.pdf\">Uvoln\u011bn\u00ed z v\u00fduky<\/a><\/li><li><a href=\"https:\/\/www.zsbystrocice.cz\/wp-content\/uploads\/2022\/03\/SVP-NASE-SKOLA-c.j.-38.13.pdf\">\u0160VP NA\u0160E \u0160KOLA \u010d.j. 38.13<\/a><\/li><li><a href=\"https:\/\/www.zsbystrocice.cz\/wp-content\/uploads\/2022\/03\/Zadost-o-prestup-zaka-na-ZS-Bystrocice.pdf\">\u017d\u00e1dost o p\u0159estup \u017e\u00e1ka na Z\u0160 Bystro\u010dice<\/a><\/li><li><a href=\"https:\/\/www.zsbystrocice.cz\/wp-content\/uploads\/2022\/03\/Zadost-o-prijeti-k-zakladnimu-vzdelavani.pdf\">\u017d\u00e1dost o p\u0159ijet\u00ed k z\u00e1kladn\u00edmu vzd\u011bl\u00e1v\u00e1n\u00ed<\/a><\/li><li><a href=\"https:\/\/www.zsbystrocice.cz\/wp-content\/uploads\/2022\/03\/Zadost-o-odklad-povinne-skolni-dochazky.pdf\">\u017d\u00e1dost o odklad povinn\u00e9 \u0161koln\u00ed doch\u00e1zky<\/a><\/li><li><a href=\"https:\/\/www.zsbystrocice.cz\/wp-content\/uploads\/2022\/03\/Zadost-o-prijeti-k-zakladnimu-vzdelavani-dite-z-Ukrajiny.pdf\">\u017d\u00e1dost o p\u0159ijet\u00ed k z\u00e1kladn\u00edmu vzd\u011bl\u00e1v\u00e1n\u00ed &#8211; d\u00edt\u011b z Ukrajiny<\/a><\/li><li><a href=\"https:\/\/www.zsbystrocice.cz\/wp-content\/uploads\/2022\/03\/Vnitrni-rad-skolni-jidelny-vydejny.pdf\">Vnit\u0159n\u00ed \u0159\u00e1d \u0161koln\u00ed j\u00eddelny &#8211; v\u00fddejn<\/a>y<\/li><li><a href=\"https:\/\/www.zsbystrocice.cz\/wp-content\/uploads\/2023\/03\/Prohlaseni-o-ochrane-osobnich-udaju-.pdf\">Prohlaseni-o-ochrane-osobnich-udaju<\/a><\/li><li><a href=\"https:\/\/www.zsbystrocice.cz\/wp-content\/uploads\/2023\/10\/Dodatek-k-SVP-ZV-c.-3.pdf\">Dodatek-k-SVP-ZV-\u010d.-3<\/a><\/li><li><a href=\"https:\/\/www.zsbystrocice.cz\/wp-content\/uploads\/2023\/10\/Dodatek-k-S%CC%8CVP-ZV-c.-4.pdf\">Dodatek-k-\u0160VP-ZV-\u010d.-4<\/a><\/li><li><a href=\"https:\/\/www.zsbystrocice.cz\/wp-content\/uploads\/2023\/10\/Dodatek-c.-1-SVP-ZV-.pdf\">Dodatek-c.-1-SVP-ZV<\/a><\/li><li><a href=\"https:\/\/www.zsbystrocice.cz\/wp-content\/uploads\/2024\/09\/Seznam-skolnich-potreb-pro-zaky-1.-rocniku-ZS.pdf\">Seznam-skolnich-potreb-pro-zaky-1.-rocniku-ZS<\/a><\/li><li><a href=\"https:\/\/www.zsbystrocice.cz\/wp-content\/uploads\/2024\/11\/Vnitrni-rad-skolni-druziny-.pdf\">Vnitrni-rad-skolni-druziny<\/a><\/li><li><a href=\"https:\/\/www.zsbystrocice.cz\/wp-content\/uploads\/2024\/11\/Rozpocet-2025-navrh-ze-dne-22.11.2024.pdf\">Rozpocet-2025<\/a><\/li><li><a href=\"https:\/\/www.zsbystrocice.cz\/wp-content\/uploads\/2024\/11\/Rozpocet-vyhled-2026-2027-navrh-ze-dne-22.11.2024.pdf\">Rozpocet-vyhled-2026-2027<\/a><\/li><li><a href=\"https:\/\/www.zsbystrocice.cz\/wp-content\/uploads\/2025\/04\/SVP-SD.pdf\">SVP-SD<\/a><\/li><li><a href=\"https:\/\/www.zsbystrocice.cz\/wp-content\/uploads\/2025\/09\/Rozvrh-hodin-1.-pololeti-20252026.pdf\">Rozvrh-hodin-1.-pololeti-2025 2026<\/a> <\/li><li><a href=\"https:\/\/www.zsbystrocice.cz\/wp-content\/uploads\/2025\/11\/Vyrocni-zprava-20242025.pdf\">V\u00fdro\u010dn\u00ed zpr\u00e1va 2024 2025<\/a>  <\/li><li><a href=\"https:\/\/www.zsbystrocice.cz\/wp-content\/uploads\/2025\/11\/Navrh-rozpoctu-na-rok-2026.pdf\">Rozpocet-na-rok-2026<\/a><\/li><li><a href=\"https:\/\/www.zsbystrocice.cz\/wp-content\/uploads\/2025\/11\/Strednedoby-vyhled-rozpoctu-2027-2028-navrh-ze-dne-26.11.2025.pdf\">Strednedoby-vyhled-rozpoctu-2027-2028<\/a><\/li><\/ul>\n","protected":false},"excerpt":{"rendered":"<p>Seznam pom\u016fcek pro \u017e\u00e1ky 2. &#8211; 5. ro\u010dn\u00edku Z\u0160 \u0160koln\u00ed \u0159\u00e1d Provozn\u00ed \u0159\u00e1d Pravidla pro hodnocen\u00ed v\u00fdsledk\u016f vzd\u011bl\u00e1v\u00e1n\u00ed \u017e\u00e1k\u016f Uvoln\u011bn\u00ed z v\u00fduky \u0160VP NA\u0160E \u0160KOLA \u010d.j. 38.13 \u017d\u00e1dost o p\u0159estup \u017e\u00e1ka na Z\u0160 Bystro\u010dice \u017d\u00e1dost o p\u0159ijet\u00ed k z\u00e1kladn\u00edmu vzd\u011bl\u00e1v\u00e1n\u00ed \u017d\u00e1dost o odklad povinn\u00e9 \u0161koln\u00ed doch\u00e1zky \u017d\u00e1dost o p\u0159ijet\u00ed k [&hellip;]<\/p>\n","protected":false},"author":2,"featured_media":0,"parent":4,"menu_order":0,"comment_status":"closed","ping_status":"open","template":"","meta":{"ngg_post_thumbnail":0},"_links":{"self":[{"href":"https:\/\/www.zsbystrocice.cz\/index.php?rest_route=\/wp\/v2\/pages\/1571"}],"collection":[{"href":"https:\/\/www.zsbystrocice.cz\/index.php?rest_route=\/wp\/v2\/pages"}],"about":[{"href":"https:\/\/www.zsbystrocice.cz\/index.php?rest_route=\/wp\/v2\/types\/page"}],"author":[{"embeddable":true,"href":"https:\/\/www.zsbystrocice.cz\/index.php?rest_route=\/wp\/v2\/users\/2"}],"replies":[{"embeddable":true,"href":"https:\/\/www.zsbystrocice.cz\/index.php?rest_route=%2Fwp%2Fv2%2Fcomments&post=1571"}],"version-history":[{"count":102,"href":"https:\/\/www.zsbystrocice.cz\/index.php?rest_route=\/wp\/v2\/pages\/1571\/revisions"}],"predecessor-version":[{"id":14687,"href":"https:\/\/www.zsbystrocice.cz\/index.php?rest_route=\/wp\/v2\/pages\/1571\/revisions\/14687"}],"up":[{"embeddable":true,"href":"https:\/\/www.zsbystrocice.cz\/index.php?rest_route=\/wp\/v2\/pages\/4"}],"wp:attachment":[{"href":"https:\/\/www.zsbystrocice.cz\/index.php?rest_route=%2Fwp%2Fv2%2Fmedia&parent=1571"}],"curies":[{"name":"wp","href":"https:\/\/api.w.org\/{rel}","templated":true}]}}