{"id":14,"date":"2014-01-23T14:41:31","date_gmt":"2014-01-23T13:41:31","guid":{"rendered":"http:\/\/www.zsbystrocice.cz\/?page_id=14"},"modified":"2024-03-19T10:32:30","modified_gmt":"2024-03-19T09:32:30","slug":"kontakt","status":"publish","type":"page","link":"https:\/\/www.zsbystrocice.cz\/?page_id=14","title":{"rendered":"Kontakt"},"content":{"rendered":"<p><strong>Adresa \u0161koly:&nbsp;<\/strong><\/p>\n<div>Z\u00e1kladn\u00ed \u0161kola a&nbsp;Mate\u0159sk\u00e1 \u0161kola Bystro\u010dice, p\u0159\u00edsp\u011bvkov\u00e1 organizace<\/div>\n<div>Bystro\u010dice 65, 772&nbsp;00&nbsp;Olomouc<\/div>\n<div>&nbsp;&nbsp;&nbsp;&nbsp;&nbsp;&nbsp;&nbsp;&nbsp;&nbsp;&nbsp;&nbsp;&nbsp;<b>&nbsp;&nbsp;&nbsp;&nbsp;&nbsp;&nbsp;&nbsp;&nbsp;&nbsp;&nbsp;&nbsp; <\/b><\/div>\n<div>I\u010cO:&nbsp;&nbsp;&nbsp;&nbsp;&nbsp;&nbsp;&nbsp;&nbsp;&nbsp;&nbsp;&nbsp;&nbsp;&nbsp;&nbsp;&nbsp;&nbsp;&nbsp;&nbsp;&nbsp;&nbsp;&nbsp;&nbsp;&nbsp;&nbsp;&nbsp;&nbsp;&nbsp;&nbsp;&nbsp;&nbsp;&nbsp;&nbsp;&nbsp;&nbsp;&nbsp;&nbsp;&nbsp;&nbsp;&nbsp;&nbsp;&nbsp;&nbsp;&nbsp;&nbsp;&nbsp;&nbsp;&nbsp;&nbsp;&nbsp;&nbsp;&nbsp;&nbsp;&nbsp;&nbsp;&nbsp;&nbsp;750&nbsp;293&nbsp;41<\/div>\n<div>ID schr\u00e1nky:&nbsp; &nbsp; &nbsp; &nbsp; &nbsp; &nbsp; &nbsp; &nbsp; &nbsp; &nbsp; &nbsp; &nbsp; &nbsp; &nbsp; &nbsp; &nbsp; &nbsp; &nbsp; &nbsp; &nbsp; &nbsp; &nbsp; rstmj7f<\/div>\n<div><\/div>\n<div>IZO \u0159editelstv\u00ed:&nbsp;&nbsp;&nbsp;&nbsp;&nbsp;&nbsp;&nbsp;&nbsp;&nbsp;&nbsp;&nbsp;&nbsp;&nbsp; &nbsp; &nbsp;&nbsp;&nbsp;&nbsp;&nbsp;&nbsp;&nbsp;&nbsp;&nbsp;&nbsp;&nbsp;&nbsp;&nbsp;&nbsp;&nbsp;&nbsp;&nbsp;&nbsp;&nbsp;&nbsp;&nbsp;&nbsp;&nbsp;&nbsp; 600&nbsp;140&nbsp;326<\/div>\n<div>IZO z\u00e1kladn\u00ed \u0161koly: &nbsp;&nbsp;&nbsp;&nbsp;&nbsp;&nbsp;&nbsp;&nbsp;&nbsp;&nbsp;&nbsp;&nbsp;&nbsp;&nbsp;&nbsp;&nbsp;&nbsp;&nbsp;&nbsp;&nbsp;&nbsp;&nbsp;&nbsp;&nbsp;&nbsp;&nbsp;&nbsp;&nbsp;&nbsp;&nbsp;&nbsp; 102&nbsp;308&nbsp;284&nbsp;(kapacita 45&nbsp;\u017e\u00e1k\u016f)<\/div>\n<div>IZO \u0161koln\u00ed j\u00eddelny:&nbsp;&nbsp;&nbsp;&nbsp;&nbsp;&nbsp;&nbsp;&nbsp;&nbsp;&nbsp;&nbsp;&nbsp;&nbsp;&nbsp;&nbsp;&nbsp;&nbsp;&nbsp;&nbsp;&nbsp;&nbsp;&nbsp;&nbsp;&nbsp;&nbsp;&nbsp;&nbsp;&nbsp;&nbsp;&nbsp;&nbsp;&nbsp;&nbsp;&nbsp;&nbsp;150&nbsp;069&nbsp;251<\/div>\n<div>IZO \u0161koln\u00ed dru\u017einy:&nbsp;&nbsp;&nbsp;&nbsp;&nbsp;&nbsp;&nbsp;&nbsp;&nbsp;&nbsp;&nbsp;&nbsp;&nbsp;&nbsp;&nbsp;&nbsp;&nbsp;&nbsp;&nbsp;&nbsp;&nbsp;&nbsp;&nbsp;&nbsp;&nbsp;&nbsp;&nbsp;&nbsp;&nbsp;&nbsp;&nbsp;&nbsp;&nbsp;&nbsp;119&nbsp;900&nbsp;700&nbsp;(kapacita 45&nbsp;\u017e\u00e1k\u016f)<\/div>\n<div>IZO mate\u0159sk\u00e9 \u0161koly:&nbsp;&nbsp;&nbsp;&nbsp;&nbsp;&nbsp;&nbsp;&nbsp;&nbsp;&nbsp;&nbsp;&nbsp;&nbsp;&nbsp;&nbsp;&nbsp;&nbsp;&nbsp;&nbsp;&nbsp;&nbsp;&nbsp;&nbsp;&nbsp;&nbsp;&nbsp;&nbsp;&nbsp;&nbsp;&nbsp;&nbsp; 107&nbsp;626&nbsp;284&nbsp;(kapacita 37 d\u011bt\u00ed)<\/div>\n<div><\/div>\n<div><\/div>\n<div>\u010c\u00edslo \u00fa\u010dtu:&nbsp; &nbsp; &nbsp; &nbsp; &nbsp; &nbsp; &nbsp; &nbsp; &nbsp; &nbsp; &nbsp; &nbsp; &nbsp; &nbsp; &nbsp; &nbsp; &nbsp; &nbsp; &nbsp; &nbsp; &nbsp; &nbsp; &nbsp; &nbsp;123-6348280207\/0100<\/div>\n<div>\n<div><b>Z\u0159izovatel \u0161koly:&nbsp; O<\/b>bec Bystro\u010dice<\/div>\n<p><b>&nbsp;<\/b><\/p>\n<\/div>\n<div><b>\u0158editelka \u0161koly:<\/b>&nbsp;&nbsp;&nbsp;&nbsp;&nbsp;&nbsp;&nbsp;&nbsp;&nbsp;&nbsp;&nbsp;&nbsp;&nbsp;&nbsp;&nbsp;&nbsp;&nbsp;&nbsp;&nbsp;&nbsp;&nbsp;&nbsp;&nbsp;&nbsp;&nbsp;&nbsp;&nbsp;&nbsp;&nbsp;&nbsp;&nbsp;&nbsp;&nbsp;&nbsp; &nbsp; Mgr. Hana Zajacov\u00e1<\/div>\n<div><b>Kontakty:<\/b><\/div>\n<div><strong>Tel.:&nbsp;&nbsp;&nbsp;&nbsp;&nbsp;&nbsp;&nbsp;&nbsp;&nbsp;&nbsp;&nbsp;&nbsp;&nbsp;&nbsp;&nbsp;&nbsp;&nbsp;&nbsp;&nbsp;&nbsp; &nbsp; &nbsp; &nbsp; &nbsp; &nbsp; &nbsp; &nbsp; &nbsp; &nbsp; &nbsp; &nbsp; &nbsp; &nbsp; &nbsp; &nbsp; &nbsp; &nbsp; &nbsp; 585&nbsp;941&nbsp;269<\/strong><\/div>\n<div><strong>E-mail&nbsp;&nbsp;&nbsp;&nbsp;&nbsp;&nbsp;&nbsp;&nbsp;&nbsp;&nbsp;&nbsp;&nbsp;&nbsp;&nbsp;&nbsp;&nbsp;&nbsp; &nbsp; &nbsp; &nbsp; &nbsp; &nbsp; &nbsp; &nbsp; &nbsp; &nbsp; &nbsp; &nbsp; &nbsp; &nbsp; &nbsp; &nbsp; &nbsp; &nbsp;&nbsp; <a href=\"mailto:zs.bystrocice@seznam.cz\">zs.bystrocice@seznam.cz<\/a><\/strong><\/div>\n<div><\/div>\n<div>\n<p>Funkci pov\u011b\u0159ence pro ochranu osobn\u00edch \u00fadaj\u016f vykon\u00e1v\u00e1 spole\u010dnost<\/p>\n<p>Schola Servis GDPR, s.r.o., I\u010c:&nbsp;04223748.<img title=\"Cel\u00fd p\u0159\u00edsp\u011bvek...\" alt=\"\" src=\"https:\/\/www.zsbystrocice.cz\/wp-includes\/js\/tinymce\/plugins\/wordpress\/img\/trans.gif\"><\/p>\n<p>Osoba ur\u010den\u00e1 pro jedn\u00e1n\u00ed za pov\u011b\u0159ence je pan JUDr. Ing et Ing. Roman Ondr\u00fdsek, Ph.D., MBA.<\/p>\n<p>Kontaktn\u00edmi \u00fadaji pov\u011b\u0159ence jsou:<\/p>\n<p>1.&nbsp;&nbsp;&nbsp;&nbsp;&nbsp;&nbsp;&nbsp;ID datov\u00e9 schr\u00e1nky&nbsp;5b36car<\/p>\n<p>2.&nbsp;&nbsp;&nbsp;&nbsp;&nbsp;&nbsp;&nbsp;adresa s\u00eddla:&nbsp;Palack\u00e9ho 150\/8, 796 01 Prost\u011bjov<\/p>\n<p>3.&nbsp;&nbsp;&nbsp;&nbsp;&nbsp;&nbsp;&nbsp;telefonn\u00ed \u010d\u00edslo:&nbsp;732 657&nbsp;386, 733&nbsp;281&nbsp;378, 732&nbsp;464&nbsp;854<\/p>\n<p>4.&nbsp;&nbsp;&nbsp;&nbsp;&nbsp;&nbsp;&nbsp;e-mail:&nbsp;<a href=\"mailto:poverenec@gdprdoskol.cz\" target=\"_blank\" rel=\"noopener\">poverenec@gdprdoskol.cz<\/a><\/p>\n<\/div>\n<div><\/div>\n<div><iframe loading=\"lazy\" width=\"700\" height=\"466\" style=\"border: currentColor;\" src=\"http:\/\/api4.mapy.cz\/frame?url=http%3A%2F%2Fwww.mapy.cz%2Fs%2F98uI&amp;z=14&amp;x=17.194750494274483&amp;y=49.536579677031185&amp;o=0&amp;layer=14&amp;dx=17.194760417110387&amp;dy=49.53658904678395&amp;dt=Z%C5%A0%20a%20M%C5%A0%20Bystro%C4%8Dice&amp;move=1&amp;prev=1&amp;w=700&amp;h=466\" frameborder=\"0\"><\/iframe><\/div>\n<div><\/div>\n","protected":false},"excerpt":{"rendered":"<p>Adresa \u0161koly:&nbsp; Z\u00e1kladn\u00ed \u0161kola a&nbsp;Mate\u0159sk\u00e1 \u0161kola Bystro\u010dice, p\u0159\u00edsp\u011bvkov\u00e1 organizace Bystro\u010dice 65, 772&nbsp;00&nbsp;Olomouc &nbsp;&nbsp;&nbsp;&nbsp;&nbsp;&nbsp;&nbsp;&nbsp;&nbsp;&nbsp;&nbsp;&nbsp;&nbsp;&nbsp;&nbsp;&nbsp;&nbsp;&nbsp;&nbsp;&nbsp;&nbsp;&nbsp;&nbsp; I\u010cO:&nbsp;&nbsp;&nbsp;&nbsp;&nbsp;&nbsp;&nbsp;&nbsp;&nbsp;&nbsp;&nbsp;&nbsp;&nbsp;&nbsp;&nbsp;&nbsp;&nbsp;&nbsp;&nbsp;&nbsp;&nbsp;&nbsp;&nbsp;&nbsp;&nbsp;&nbsp;&nbsp;&nbsp;&nbsp;&nbsp;&nbsp;&nbsp;&nbsp;&nbsp;&nbsp;&nbsp;&nbsp;&nbsp;&nbsp;&nbsp;&nbsp;&nbsp;&nbsp;&nbsp;&nbsp;&nbsp;&nbsp;&nbsp;&nbsp;&nbsp;&nbsp;&nbsp;&nbsp;&nbsp;&nbsp;&nbsp;750&nbsp;293&nbsp;41 ID schr\u00e1nky:&nbsp; &nbsp; &nbsp; &nbsp; &nbsp; &nbsp; &nbsp; &nbsp; &nbsp; &nbsp; &nbsp; &nbsp; &nbsp; &nbsp; &nbsp; &nbsp; &nbsp; &nbsp; &nbsp; &nbsp; &nbsp; &nbsp; rstmj7f IZO \u0159editelstv\u00ed:&nbsp;&nbsp;&nbsp;&nbsp;&nbsp;&nbsp;&nbsp;&nbsp;&nbsp;&nbsp;&nbsp;&nbsp;&nbsp; &nbsp; &nbsp;&nbsp;&nbsp;&nbsp;&nbsp;&nbsp;&nbsp;&nbsp;&nbsp;&nbsp;&nbsp;&nbsp;&nbsp;&nbsp;&nbsp;&nbsp;&nbsp;&nbsp;&nbsp;&nbsp;&nbsp;&nbsp;&nbsp;&nbsp; 600&nbsp;140&nbsp;326 IZO z\u00e1kladn\u00ed \u0161koly: &nbsp;&nbsp;&nbsp;&nbsp;&nbsp;&nbsp;&nbsp;&nbsp;&nbsp;&nbsp;&nbsp;&nbsp;&nbsp;&nbsp;&nbsp;&nbsp;&nbsp;&nbsp;&nbsp;&nbsp;&nbsp;&nbsp;&nbsp;&nbsp;&nbsp;&nbsp;&nbsp;&nbsp;&nbsp;&nbsp;&nbsp; 102&nbsp;308&nbsp;284&nbsp;(kapacita 45&nbsp;\u017e\u00e1k\u016f) IZO [&hellip;]<\/p>\n","protected":false},"author":1,"featured_media":0,"parent":0,"menu_order":5,"comment_status":"closed","ping_status":"closed","template":"","meta":{"ngg_post_thumbnail":0},"_links":{"self":[{"href":"https:\/\/www.zsbystrocice.cz\/index.php?rest_route=\/wp\/v2\/pages\/14"}],"collection":[{"href":"https:\/\/www.zsbystrocice.cz\/index.php?rest_route=\/wp\/v2\/pages"}],"about":[{"href":"https:\/\/www.zsbystrocice.cz\/index.php?rest_route=\/wp\/v2\/types\/page"}],"author":[{"embeddable":true,"href":"https:\/\/www.zsbystrocice.cz\/index.php?rest_route=\/wp\/v2\/users\/1"}],"replies":[{"embeddable":true,"href":"https:\/\/www.zsbystrocice.cz\/index.php?rest_route=%2Fwp%2Fv2%2Fcomments&post=14"}],"version-history":[{"count":13,"href":"https:\/\/www.zsbystrocice.cz\/index.php?rest_route=\/wp\/v2\/pages\/14\/revisions"}],"predecessor-version":[{"id":13205,"href":"https:\/\/www.zsbystrocice.cz\/index.php?rest_route=\/wp\/v2\/pages\/14\/revisions\/13205"}],"wp:attachment":[{"href":"https:\/\/www.zsbystrocice.cz\/index.php?rest_route=%2Fwp%2Fv2%2Fmedia&parent=14"}],"curies":[{"name":"wp","href":"https:\/\/api.w.org\/{rel}","templated":true}]}}