{"id":13638,"date":"2024-10-02T15:04:14","date_gmt":"2024-10-02T14:04:14","guid":{"rendered":"http:\/\/www.zsbystrocice.cz\/?page_id=13638"},"modified":"2024-10-02T15:04:15","modified_gmt":"2024-10-02T14:04:15","slug":"modernizace-nabytku-v-zs-bystrocice","status":"publish","type":"page","link":"https:\/\/www.zsbystrocice.cz\/?page_id=13638","title":{"rendered":"Modernizace n\u00e1bytku v Z\u0160 Bystro\u010dice"},"content":{"rendered":"","protected":false},"excerpt":{"rendered":"","protected":false},"author":1,"featured_media":0,"parent":132,"menu_order":16,"comment_status":"closed","ping_status":"closed","template":"","meta":{"ngg_post_thumbnail":0},"_links":{"self":[{"href":"https:\/\/www.zsbystrocice.cz\/index.php?rest_route=\/wp\/v2\/pages\/13638"}],"collection":[{"href":"https:\/\/www.zsbystrocice.cz\/index.php?rest_route=\/wp\/v2\/pages"}],"about":[{"href":"https:\/\/www.zsbystrocice.cz\/index.php?rest_route=\/wp\/v2\/types\/page"}],"author":[{"embeddable":true,"href":"https:\/\/www.zsbystrocice.cz\/index.php?rest_route=\/wp\/v2\/users\/1"}],"replies":[{"embeddable":true,"href":"https:\/\/www.zsbystrocice.cz\/index.php?rest_route=%2Fwp%2Fv2%2Fcomments&post=13638"}],"version-history":[{"count":1,"href":"https:\/\/www.zsbystrocice.cz\/index.php?rest_route=\/wp\/v2\/pages\/13638\/revisions"}],"predecessor-version":[{"id":13639,"href":"https:\/\/www.zsbystrocice.cz\/index.php?rest_route=\/wp\/v2\/pages\/13638\/revisions\/13639"}],"up":[{"embeddable":true,"href":"https:\/\/www.zsbystrocice.cz\/index.php?rest_route=\/wp\/v2\/pages\/132"}],"wp:attachment":[{"href":"https:\/\/www.zsbystrocice.cz\/index.php?rest_route=%2Fwp%2Fv2%2Fmedia&parent=13638"}],"curies":[{"name":"wp","href":"https:\/\/api.w.org\/{rel}","templated":true}]}}