{"id":13636,"date":"2024-10-02T15:03:49","date_gmt":"2024-10-02T14:03:49","guid":{"rendered":"http:\/\/www.zsbystrocice.cz\/?page_id=13636"},"modified":"2024-10-02T15:03:51","modified_gmt":"2024-10-02T14:03:51","slug":"narodni-plan-obnovy-doucovani-zaku-skol","status":"publish","type":"page","link":"https:\/\/www.zsbystrocice.cz\/?page_id=13636","title":{"rendered":"N\u00e1rodn\u00ed pl\u00e1n obnovy &#8211; dou\u010dov\u00e1n\u00ed \u017e\u00e1k\u016f \u0161kol"},"content":{"rendered":"","protected":false},"excerpt":{"rendered":"","protected":false},"author":1,"featured_media":0,"parent":132,"menu_order":15,"comment_status":"closed","ping_status":"closed","template":"","meta":{"ngg_post_thumbnail":0},"_links":{"self":[{"href":"https:\/\/www.zsbystrocice.cz\/index.php?rest_route=\/wp\/v2\/pages\/13636"}],"collection":[{"href":"https:\/\/www.zsbystrocice.cz\/index.php?rest_route=\/wp\/v2\/pages"}],"about":[{"href":"https:\/\/www.zsbystrocice.cz\/index.php?rest_route=\/wp\/v2\/types\/page"}],"author":[{"embeddable":true,"href":"https:\/\/www.zsbystrocice.cz\/index.php?rest_route=\/wp\/v2\/users\/1"}],"replies":[{"embeddable":true,"href":"https:\/\/www.zsbystrocice.cz\/index.php?rest_route=%2Fwp%2Fv2%2Fcomments&post=13636"}],"version-history":[{"count":1,"href":"https:\/\/www.zsbystrocice.cz\/index.php?rest_route=\/wp\/v2\/pages\/13636\/revisions"}],"predecessor-version":[{"id":13637,"href":"https:\/\/www.zsbystrocice.cz\/index.php?rest_route=\/wp\/v2\/pages\/13636\/revisions\/13637"}],"up":[{"embeddable":true,"href":"https:\/\/www.zsbystrocice.cz\/index.php?rest_route=\/wp\/v2\/pages\/132"}],"wp:attachment":[{"href":"https:\/\/www.zsbystrocice.cz\/index.php?rest_route=%2Fwp%2Fv2%2Fmedia&parent=13636"}],"curies":[{"name":"wp","href":"https:\/\/api.w.org\/{rel}","templated":true}]}}