{"id":13634,"date":"2024-10-02T15:03:26","date_gmt":"2024-10-02T14:03:26","guid":{"rendered":"http:\/\/www.zsbystrocice.cz\/?page_id=13634"},"modified":"2024-10-02T15:03:27","modified_gmt":"2024-10-02T14:03:27","slug":"narodni-plan-obnovy-digitalni-ucebni-pomucky","status":"publish","type":"page","link":"https:\/\/www.zsbystrocice.cz\/?page_id=13634","title":{"rendered":"N\u00e1rodn\u00ed pl\u00e1n obnovy &#8211; digit\u00e1ln\u00ed u\u010debn\u00ed pom\u016fcky"},"content":{"rendered":"","protected":false},"excerpt":{"rendered":"","protected":false},"author":1,"featured_media":0,"parent":132,"menu_order":14,"comment_status":"closed","ping_status":"closed","template":"","meta":{"ngg_post_thumbnail":0},"_links":{"self":[{"href":"https:\/\/www.zsbystrocice.cz\/index.php?rest_route=\/wp\/v2\/pages\/13634"}],"collection":[{"href":"https:\/\/www.zsbystrocice.cz\/index.php?rest_route=\/wp\/v2\/pages"}],"about":[{"href":"https:\/\/www.zsbystrocice.cz\/index.php?rest_route=\/wp\/v2\/types\/page"}],"author":[{"embeddable":true,"href":"https:\/\/www.zsbystrocice.cz\/index.php?rest_route=\/wp\/v2\/users\/1"}],"replies":[{"embeddable":true,"href":"https:\/\/www.zsbystrocice.cz\/index.php?rest_route=%2Fwp%2Fv2%2Fcomments&post=13634"}],"version-history":[{"count":1,"href":"https:\/\/www.zsbystrocice.cz\/index.php?rest_route=\/wp\/v2\/pages\/13634\/revisions"}],"predecessor-version":[{"id":13635,"href":"https:\/\/www.zsbystrocice.cz\/index.php?rest_route=\/wp\/v2\/pages\/13634\/revisions\/13635"}],"up":[{"embeddable":true,"href":"https:\/\/www.zsbystrocice.cz\/index.php?rest_route=\/wp\/v2\/pages\/132"}],"wp:attachment":[{"href":"https:\/\/www.zsbystrocice.cz\/index.php?rest_route=%2Fwp%2Fv2%2Fmedia&parent=13634"}],"curies":[{"name":"wp","href":"https:\/\/api.w.org\/{rel}","templated":true}]}}