{"id":13100,"date":"2023-11-15T17:04:30","date_gmt":"2023-11-15T16:04:30","guid":{"rendered":"http:\/\/www.zsbystrocice.cz\/?page_id=13100"},"modified":"2026-03-06T08:33:29","modified_gmt":"2026-03-06T07:33:29","slug":"skolni-casopis-bystrozak","status":"publish","type":"page","link":"https:\/\/www.zsbystrocice.cz\/?page_id=13100","title":{"rendered":"\u0160koln\u00ed \u010dasopis Bystro\u017e\u00e1k"},"content":{"rendered":"\n<h3>Aktu\u00e1ln\u00ed \u010d\u00edslo<\/h3>\n\n\n\n<div class=\"wp-block-file\"><a id=\"wp-block-file--media-7d256ed4-739f-422c-b5bc-959658498f2f\" href=\"https:\/\/www.zsbystrocice.cz\/wp-content\/uploads\/2026\/03\/Casopis-Bystrozak-unor-2026.pdf\">\u010casopis Bystro\u017e\u00e1k \u00fanor 2026<\/a><\/div>\n\n\n\n<p><\/p>\n\n\n\n<hr class=\"wp-block-separator\"\/>\n\n\n\n<h3>Arch\u00edv<\/h3>\n\n\n\n<ul><li><a href=\"https:\/\/www.zsbystrocice.cz\/wp-content\/uploads\/2023\/11\/BYSTROZAK-2023-listopad.pdf\">Listopad 2023<\/a><\/li><li><a href=\"https:\/\/www.zsbystrocice.cz\/wp-content\/uploads\/2024\/12\/Bystrozak-prosinec-2024.pdf\">Prosinec 2024<\/a><\/li><li><a href=\"https:\/\/www.zsbystrocice.cz\/wp-content\/uploads\/2025\/03\/Casopis-Bystrozak-unor-2025.pdf\">\u00danor 2025<\/a><\/li><li><a href=\"https:\/\/www.zsbystrocice.cz\/wp-content\/uploads\/2025\/05\/Casopis-Bystrozak-duben-2025.pdf\">Duben 2025<\/a><\/li><li><a href=\"https:\/\/www.zsbystrocice.cz\/wp-content\/uploads\/2025\/07\/Casopis-Bystrozak-cerven-2025.pdf\">\u010cerven 2025<\/a><\/li><li><a href=\"https:\/\/www.zsbystrocice.cz\/wp-content\/uploads\/2025\/12\/Bystrozak_-prosinec_2025.pdf\">Prosinec 2025<\/a><\/li><\/ul>\n","protected":false},"excerpt":{"rendered":"<p>Aktu\u00e1ln\u00ed \u010d\u00edslo Arch\u00edv Listopad 2023 Prosinec 2024 \u00danor 2025 Duben 2025 \u010cerven 2025 Prosinec 2025<\/p>\n","protected":false},"author":1,"featured_media":0,"parent":0,"menu_order":0,"comment_status":"closed","ping_status":"closed","template":"","meta":{"ngg_post_thumbnail":0},"_links":{"self":[{"href":"https:\/\/www.zsbystrocice.cz\/index.php?rest_route=\/wp\/v2\/pages\/13100"}],"collection":[{"href":"https:\/\/www.zsbystrocice.cz\/index.php?rest_route=\/wp\/v2\/pages"}],"about":[{"href":"https:\/\/www.zsbystrocice.cz\/index.php?rest_route=\/wp\/v2\/types\/page"}],"author":[{"embeddable":true,"href":"https:\/\/www.zsbystrocice.cz\/index.php?rest_route=\/wp\/v2\/users\/1"}],"replies":[{"embeddable":true,"href":"https:\/\/www.zsbystrocice.cz\/index.php?rest_route=%2Fwp%2Fv2%2Fcomments&post=13100"}],"version-history":[{"count":17,"href":"https:\/\/www.zsbystrocice.cz\/index.php?rest_route=\/wp\/v2\/pages\/13100\/revisions"}],"predecessor-version":[{"id":14683,"href":"https:\/\/www.zsbystrocice.cz\/index.php?rest_route=\/wp\/v2\/pages\/13100\/revisions\/14683"}],"wp:attachment":[{"href":"https:\/\/www.zsbystrocice.cz\/index.php?rest_route=%2Fwp%2Fv2%2Fmedia&parent=13100"}],"curies":[{"name":"wp","href":"https:\/\/api.w.org\/{rel}","templated":true}]}}