{"id":129,"date":"2014-02-06T10:32:14","date_gmt":"2014-02-06T09:32:14","guid":{"rendered":"http:\/\/www.zsbystrocice.cz\/?page_id=129"},"modified":"2021-01-04T05:24:35","modified_gmt":"2021-01-04T04:24:35","slug":"nase-uspechy","status":"publish","type":"page","link":"https:\/\/www.zsbystrocice.cz\/?page_id=129","title":{"rendered":"Ud\u011blalo n\u00e1m radost"},"content":{"rendered":"<p>Radost n\u00e1m ud\u011blal tak\u00e9 dopis od \u0159editele VN Olomouc, ve kter\u00e9m st\u00e1lo pod\u011bkov\u00e1n\u00ed za zapojen\u00ed d\u011bt\u00ed z na\u0161\u00ed \u0161koly ve v\u00fdzv\u011b Vojensk\u00e9 nemocnice Olomouc s n\u00e1zvem &#8220; Pod\u011bkuj obr\u00e1zkem&#8220;. C\u00edlem bylo vyj\u00e1d\u0159it pod\u011bkov\u00e1n\u00ed ve\u0161ker\u00e9mu zdravotnick\u00e9mu person\u00e1lu a v\u0161em, kte\u0159\u00ed pom\u00e1hali p\u0159i prob\u00edhaj\u00edc\u00ed pandemii.<br \/>\nObr\u00e1zky a jejich symbolick\u00e9 p\u0159ed\u00e1n\u00ed t\u011bm, pro kter\u00e9 byly ur\u010deny, prob\u011bhlo ve vojensk\u00e9 nemocnici v \u010dervnu 2020.<\/p>\n<p>Jsme r\u00e1di, \u017ee se m\u016f\u017eeme pochlubit kr\u00e1sn\u00fdmi v\u00fdrobky d\u011bt\u00ed, kte\u0159\u00ed se \u00fa\u010dastnily v\u00fdtvarn\u00e9 sout\u011b\u017ee &#8222;Obal na knihu&#8220;.\u00a0Nejhez\u010d\u00ed obaly vytvo\u0159ily Ema Ma\u0148\u00e1kov\u00e1, Nela Pavelkov\u00e1 a Ad\u00e9la Halouskov\u00e1. Perfektn\u00ed byl tak\u00e9 v\u00fdkon Tom\u00e1\u0161e Dvo\u0159\u00e1ka v liter\u00e1rn\u00ed sout\u011b\u017ei na t\u00e9ma Bystro\u010dice.<\/p>\n<p><a href=\"https:\/\/www.zsbystrocice.cz\/wp-content\/uploads\/2014\/02\/O-vodn\u00edkovi-Mat\u011bjovi.pdf\">O vodn\u00edkovi Mat\u011bjovi<\/a>\u00a0&#8211; Tom\u00e1\u0161 Dvo\u0159\u00e1k<\/p>\n<p>1. Ema Ma\u0148\u00e1kov\u00e1<\/p>\n<p><a href=\"https:\/\/www.zsbystrocice.cz\/wp-content\/uploads\/2014\/02\/posl.jpg\"><img loading=\"lazy\" class=\"alignnone size-medium wp-image-10836\" alt=\"posl\" src=\"https:\/\/www.zsbystrocice.cz\/wp-content\/uploads\/2014\/02\/posl-300x225.jpg\" width=\"300\" height=\"225\" srcset=\"https:\/\/www.zsbystrocice.cz\/wp-content\/uploads\/2014\/02\/posl-300x225.jpg 300w, https:\/\/www.zsbystrocice.cz\/wp-content\/uploads\/2014\/02\/posl-399x300.jpg 399w, https:\/\/www.zsbystrocice.cz\/wp-content\/uploads\/2014\/02\/posl.jpg 722w\" sizes=\"(max-width: 300px) 100vw, 300px\" \/><\/a><\/p>\n<p>2. Nela Pavelkov\u00e1<\/p>\n<p><a href=\"https:\/\/www.zsbystrocice.cz\/wp-content\/uploads\/2014\/02\/IMG_20210103_205508.jpg\"><img loading=\"lazy\" class=\"alignnone size-medium wp-image-10834\" alt=\"IMG_20210103_205508\" src=\"https:\/\/www.zsbystrocice.cz\/wp-content\/uploads\/2014\/02\/IMG_20210103_205508-300x224.jpg\" width=\"300\" height=\"224\" srcset=\"https:\/\/www.zsbystrocice.cz\/wp-content\/uploads\/2014\/02\/IMG_20210103_205508-300x224.jpg 300w, https:\/\/www.zsbystrocice.cz\/wp-content\/uploads\/2014\/02\/IMG_20210103_205508-1024x768.jpg 1024w, https:\/\/www.zsbystrocice.cz\/wp-content\/uploads\/2014\/02\/IMG_20210103_205508-400x300.jpg 400w\" sizes=\"(max-width: 300px) 100vw, 300px\" \/><\/a><\/p>\n<p>3. Andrea Halouskov\u00e1<\/p>\n<p><a href=\"https:\/\/www.zsbystrocice.cz\/wp-content\/uploads\/2014\/02\/IMG_20210103_205529.jpg\"><img loading=\"lazy\" class=\"alignnone size-medium wp-image-10833\" alt=\"IMG_20210103_205529\" src=\"https:\/\/www.zsbystrocice.cz\/wp-content\/uploads\/2014\/02\/IMG_20210103_205529-300x224.jpg\" width=\"300\" height=\"224\" srcset=\"https:\/\/www.zsbystrocice.cz\/wp-content\/uploads\/2014\/02\/IMG_20210103_205529-300x224.jpg 300w, https:\/\/www.zsbystrocice.cz\/wp-content\/uploads\/2014\/02\/IMG_20210103_205529-1024x767.jpg 1024w, https:\/\/www.zsbystrocice.cz\/wp-content\/uploads\/2014\/02\/IMG_20210103_205529-400x300.jpg 400w\" sizes=\"(max-width: 300px) 100vw, 300px\" \/><\/a><\/p>\n<p>&nbsp;<\/p>\n<p>&nbsp;<\/p>\n<p>&nbsp;<\/p>\n<p><a href=\"https:\/\/www.zsbystrocice.cz\/wp-content\/uploads\/2014\/02\/Fond-SIDUS-vrac\u00edme-d\u011btem-\u00fasm\u011bvy.pdf\">Fond SIDUS &#8211; vrac\u00edme d\u011btem \u00fasm\u011bvy<\/a><a href=\"https:\/\/www.zsbystrocice.cz\/wp-content\/uploads\/2018\/03\/Florbal-diplom.jpg\"><img loading=\"lazy\" class=\"alignnone size-medium wp-image-8401\" alt=\"Florbal - diplom\" src=\"https:\/\/www.zsbystrocice.cz\/wp-content\/uploads\/2018\/03\/Florbal-diplom-212x300.jpg\" width=\"212\" height=\"300\" srcset=\"https:\/\/www.zsbystrocice.cz\/wp-content\/uploads\/2018\/03\/Florbal-diplom-212x300.jpg 212w, https:\/\/www.zsbystrocice.cz\/wp-content\/uploads\/2018\/03\/Florbal-diplom-724x1024.jpg 724w, https:\/\/www.zsbystrocice.cz\/wp-content\/uploads\/2018\/03\/Florbal-diplom.jpg 1240w\" sizes=\"(max-width: 212px) 100vw, 212px\" \/><\/a><\/p>\n<p>M\u00e1me velkou radost z kr\u00e1sn\u00e9ho 2. m\u00edsta ( kategorie A ) Daniela Bla\u017eka a Michaely Ku\u010derov\u00e9\u00a0\u00a0v sout\u011b\u017ei D\u00fd\u0148odlab\u00e1n\u00ed v Olomouci.<\/p>\n<p>M\u00e1me velkou radost ze skv\u011bl\u00e9ho 3. m\u00edsta Jakuba Zajace a Jindry Strej\u010dka ( 3. ro\u010dn\u00edk )\u00a0v p\u0159\u00edrodov\u011bdn\u00e9 sout\u011b\u017ei Na zelen\u00e9 stezce II. Gratulujeme!<\/p>\n<p><a href=\"https:\/\/www.zsbystrocice.cz\/wp-content\/uploads\/2016\/12\/Odpadova-olympiada.jpg\"><img loading=\"lazy\" class=\"alignnone size-medium wp-image-6292\" alt=\"Odpadova-olympiada\" src=\"https:\/\/www.zsbystrocice.cz\/wp-content\/uploads\/2016\/12\/Odpadova-olympiada-217x300.jpg\" width=\"217\" height=\"300\" srcset=\"https:\/\/www.zsbystrocice.cz\/wp-content\/uploads\/2016\/12\/Odpadova-olympiada-217x300.jpg 217w, https:\/\/www.zsbystrocice.cz\/wp-content\/uploads\/2016\/12\/Odpadova-olympiada-743x1024.jpg 743w, https:\/\/www.zsbystrocice.cz\/wp-content\/uploads\/2016\/12\/Odpadova-olympiada.jpg 783w\" sizes=\"(max-width: 217px) 100vw, 217px\" \/><\/a> <a href=\"https:\/\/www.zsbystrocice.cz\/wp-content\/uploads\/2016\/12\/Podekovani-Tommy.jpg\"><img loading=\"lazy\" class=\"alignnone size-medium wp-image-6293\" alt=\"Podekovani-Tommy\" src=\"https:\/\/www.zsbystrocice.cz\/wp-content\/uploads\/2016\/12\/Podekovani-Tommy-209x300.jpg\" width=\"209\" height=\"300\" srcset=\"https:\/\/www.zsbystrocice.cz\/wp-content\/uploads\/2016\/12\/Podekovani-Tommy-209x300.jpg 209w, https:\/\/www.zsbystrocice.cz\/wp-content\/uploads\/2016\/12\/Podekovani-Tommy-715x1024.jpg 715w, https:\/\/www.zsbystrocice.cz\/wp-content\/uploads\/2016\/12\/Podekovani-Tommy.jpg 792w\" sizes=\"(max-width: 209px) 100vw, 209px\" \/><\/a> <a href=\"https:\/\/www.zsbystrocice.cz\/wp-content\/uploads\/2016\/12\/Soutez-SUEZ.jpg\"><img loading=\"lazy\" class=\"alignnone size-medium wp-image-6294\" alt=\"Soutez-SUEZ\" src=\"https:\/\/www.zsbystrocice.cz\/wp-content\/uploads\/2016\/12\/Soutez-SUEZ-204x300.jpg\" width=\"204\" height=\"300\" srcset=\"https:\/\/www.zsbystrocice.cz\/wp-content\/uploads\/2016\/12\/Soutez-SUEZ-204x300.jpg 204w, https:\/\/www.zsbystrocice.cz\/wp-content\/uploads\/2016\/12\/Soutez-SUEZ-696x1024.jpg 696w, https:\/\/www.zsbystrocice.cz\/wp-content\/uploads\/2016\/12\/Soutez-SUEZ.jpg 706w\" sizes=\"(max-width: 204px) 100vw, 204px\" \/>\u00a0\u00a0 <\/a><a href=\"https:\/\/www.zsbystrocice.cz\/wp-content\/uploads\/2016\/12\/Cestne-uznani.jpg\"><img loading=\"lazy\" class=\"alignnone size-medium wp-image-6290\" alt=\"Cestne-uznani\" src=\"https:\/\/www.zsbystrocice.cz\/wp-content\/uploads\/2016\/12\/Cestne-uznani-210x300.jpg\" width=\"210\" height=\"300\" srcset=\"https:\/\/www.zsbystrocice.cz\/wp-content\/uploads\/2016\/12\/Cestne-uznani-210x300.jpg 210w, https:\/\/www.zsbystrocice.cz\/wp-content\/uploads\/2016\/12\/Cestne-uznani-718x1024.jpg 718w, https:\/\/www.zsbystrocice.cz\/wp-content\/uploads\/2016\/12\/Cestne-uznani.jpg 813w\" sizes=\"(max-width: 210px) 100vw, 210px\" \/><\/a> \u00a0 <a href=\"https:\/\/www.zsbystrocice.cz\/wp-content\/uploads\/2016\/12\/Dynodlabani.jpg\"><img loading=\"lazy\" class=\"alignnone size-medium wp-image-6291\" alt=\"Dynodlabani\" src=\"https:\/\/www.zsbystrocice.cz\/wp-content\/uploads\/2016\/12\/Dynodlabani-213x300.jpg\" width=\"213\" height=\"300\" srcset=\"https:\/\/www.zsbystrocice.cz\/wp-content\/uploads\/2016\/12\/Dynodlabani-213x300.jpg 213w, https:\/\/www.zsbystrocice.cz\/wp-content\/uploads\/2016\/12\/Dynodlabani-728x1024.jpg 728w, https:\/\/www.zsbystrocice.cz\/wp-content\/uploads\/2016\/12\/Dynodlabani.jpg 810w\" sizes=\"(max-width: 213px) 100vw, 213px\" \/><\/a><br \/>\n<a href=\"https:\/\/www.zsbystrocice.cz\/wp-content\/uploads\/2014\/02\/O-starost\u016fv-han\u00e1ck\u00e9-vdolek.jpg\"> <img loading=\"lazy\" class=\"alignnone  wp-image-3338\" alt=\"O starost\u016fv han\u00e1ck\u00e9 vdolek\" src=\"https:\/\/www.zsbystrocice.cz\/wp-content\/uploads\/2014\/02\/O-starost\u016fv-han\u00e1ck\u00e9-vdolek-212x300.jpg\" width=\"212\" height=\"300\" srcset=\"https:\/\/www.zsbystrocice.cz\/wp-content\/uploads\/2014\/02\/O-starost\u016fv-han\u00e1ck\u00e9-vdolek-212x300.jpg 212w, https:\/\/www.zsbystrocice.cz\/wp-content\/uploads\/2014\/02\/O-starost\u016fv-han\u00e1ck\u00e9-vdolek-724x1024.jpg 724w\" sizes=\"(max-width: 212px) 100vw, 212px\" \/><\/a><br \/>\n<a href=\"https:\/\/www.zsbystrocice.cz\/wp-content\/uploads\/2014\/02\/Kopan\u00e1-Bediho\u0161\u0165.jpg\"><img loading=\"lazy\" class=\"alignnone size-medium wp-image-1279\" alt=\"Kopan\u00e1 Bediho\u0161\u0165\" src=\"https:\/\/www.zsbystrocice.cz\/wp-content\/uploads\/2014\/02\/Kopan\u00e1-Bediho\u0161\u0165-200x300.jpg\" width=\"200\" height=\"300\" srcset=\"https:\/\/www.zsbystrocice.cz\/wp-content\/uploads\/2014\/02\/Kopan\u00e1-Bediho\u0161\u0165-200x300.jpg 200w, https:\/\/www.zsbystrocice.cz\/wp-content\/uploads\/2014\/02\/Kopan\u00e1-Bediho\u0161\u0165-682x1024.jpg 682w, https:\/\/www.zsbystrocice.cz\/wp-content\/uploads\/2014\/02\/Kopan\u00e1-Bediho\u0161\u0165.jpg 1170w\" sizes=\"(max-width: 200px) 100vw, 200px\" \/><\/a><br \/>\n<a href=\"https:\/\/www.zsbystrocice.cz\/wp-content\/uploads\/2014\/02\/Kresl\u00ed\u0159sk\u00e1-sout\u011b\u017e.jpg\"><img loading=\"lazy\" class=\"alignnone  wp-image-363\" alt=\"Kresl\u00ed\u0159sk\u00e1 sout\u011b\u017e\" src=\"https:\/\/www.zsbystrocice.cz\/wp-content\/uploads\/2014\/02\/Kresl\u00ed\u0159sk\u00e1-sout\u011b\u017e-200x300.jpg\" width=\"200\" height=\"300\" srcset=\"https:\/\/www.zsbystrocice.cz\/wp-content\/uploads\/2014\/02\/Kresl\u00ed\u0159sk\u00e1-sout\u011b\u017e-200x300.jpg 200w, https:\/\/www.zsbystrocice.cz\/wp-content\/uploads\/2014\/02\/Kresl\u00ed\u0159sk\u00e1-sout\u011b\u017e-682x1024.jpg 682w, https:\/\/www.zsbystrocice.cz\/wp-content\/uploads\/2014\/02\/Kresl\u00ed\u0159sk\u00e1-sout\u011b\u017e.jpg 1170w\" sizes=\"(max-width: 200px) 100vw, 200px\" \/><\/a><br \/>\n<a href=\"https:\/\/www.zsbystrocice.cz\/wp-content\/uploads\/2014\/02\/Sb\u011br-pap\u00edru.jpg\"><img loading=\"lazy\" class=\"alignnone size-medium wp-image-364\" alt=\"Sb\u011br pap\u00edru\" src=\"https:\/\/www.zsbystrocice.cz\/wp-content\/uploads\/2014\/02\/Sb\u011br-pap\u00edru-200x300.jpg\" width=\"200\" height=\"300\" srcset=\"https:\/\/www.zsbystrocice.cz\/wp-content\/uploads\/2014\/02\/Sb\u011br-pap\u00edru-200x300.jpg 200w, https:\/\/www.zsbystrocice.cz\/wp-content\/uploads\/2014\/02\/Sb\u011br-pap\u00edru-682x1024.jpg 682w, https:\/\/www.zsbystrocice.cz\/wp-content\/uploads\/2014\/02\/Sb\u011br-pap\u00edru.jpg 1170w\" sizes=\"(max-width: 200px) 100vw, 200px\" \/><\/a><br \/>\n<a href=\"https:\/\/www.zsbystrocice.cz\/wp-content\/uploads\/2014\/02\/Starost\u016fv-han\u00e1ck\u00e9-vdolek.jpg\"><img loading=\"lazy\" class=\"alignnone size-medium wp-image-365\" alt=\"Starost\u016fv han\u00e1ck\u00e9 vdolek\" src=\"https:\/\/www.zsbystrocice.cz\/wp-content\/uploads\/2014\/02\/Starost\u016fv-han\u00e1ck\u00e9-vdolek-200x300.jpg\" width=\"200\" height=\"300\" srcset=\"https:\/\/www.zsbystrocice.cz\/wp-content\/uploads\/2014\/02\/Starost\u016fv-han\u00e1ck\u00e9-vdolek-200x300.jpg 200w, https:\/\/www.zsbystrocice.cz\/wp-content\/uploads\/2014\/02\/Starost\u016fv-han\u00e1ck\u00e9-vdolek-682x1024.jpg 682w, https:\/\/www.zsbystrocice.cz\/wp-content\/uploads\/2014\/02\/Starost\u016fv-han\u00e1ck\u00e9-vdolek.jpg 1170w\" sizes=\"(max-width: 200px) 100vw, 200px\" \/><\/a><\/p>\n","protected":false},"excerpt":{"rendered":"<p>Radost n\u00e1m ud\u011blal tak\u00e9 dopis od \u0159editele VN Olomouc, ve kter\u00e9m st\u00e1lo pod\u011bkov\u00e1n\u00ed za zapojen\u00ed d\u011bt\u00ed z na\u0161\u00ed \u0161koly ve v\u00fdzv\u011b Vojensk\u00e9 nemocnice Olomouc s n\u00e1zvem &#8220; Pod\u011bkuj obr\u00e1zkem&#8220;. C\u00edlem bylo vyj\u00e1d\u0159it pod\u011bkov\u00e1n\u00ed ve\u0161ker\u00e9mu zdravotnick\u00e9mu person\u00e1lu a v\u0161em, kte\u0159\u00ed pom\u00e1hali p\u0159i prob\u00edhaj\u00edc\u00ed pandemii. Obr\u00e1zky a jejich symbolick\u00e9 p\u0159ed\u00e1n\u00ed t\u011bm, pro [&hellip;]<\/p>\n","protected":false},"author":1,"featured_media":0,"parent":4,"menu_order":5,"comment_status":"closed","ping_status":"closed","template":"","meta":{"ngg_post_thumbnail":0},"_links":{"self":[{"href":"https:\/\/www.zsbystrocice.cz\/index.php?rest_route=\/wp\/v2\/pages\/129"}],"collection":[{"href":"https:\/\/www.zsbystrocice.cz\/index.php?rest_route=\/wp\/v2\/pages"}],"about":[{"href":"https:\/\/www.zsbystrocice.cz\/index.php?rest_route=\/wp\/v2\/types\/page"}],"author":[{"embeddable":true,"href":"https:\/\/www.zsbystrocice.cz\/index.php?rest_route=\/wp\/v2\/users\/1"}],"replies":[{"embeddable":true,"href":"https:\/\/www.zsbystrocice.cz\/index.php?rest_route=%2Fwp%2Fv2%2Fcomments&post=129"}],"version-history":[{"count":27,"href":"https:\/\/www.zsbystrocice.cz\/index.php?rest_route=\/wp\/v2\/pages\/129\/revisions"}],"predecessor-version":[{"id":10837,"href":"https:\/\/www.zsbystrocice.cz\/index.php?rest_route=\/wp\/v2\/pages\/129\/revisions\/10837"}],"up":[{"embeddable":true,"href":"https:\/\/www.zsbystrocice.cz\/index.php?rest_route=\/wp\/v2\/pages\/4"}],"wp:attachment":[{"href":"https:\/\/www.zsbystrocice.cz\/index.php?rest_route=%2Fwp%2Fv2%2Fmedia&parent=129"}],"curies":[{"name":"wp","href":"https:\/\/api.w.org\/{rel}","templated":true}]}}