{"id":12147,"date":"2022-03-21T10:17:14","date_gmt":"2022-03-21T09:17:14","guid":{"rendered":"http:\/\/www.zsbystrocice.cz\/?page_id=12147"},"modified":"2024-10-02T12:20:17","modified_gmt":"2024-10-02T11:20:17","slug":"kariera","status":"publish","type":"page","link":"https:\/\/www.zsbystrocice.cz\/?page_id=12147","title":{"rendered":"Kari\u00e9ra"},"content":{"rendered":"\n<p>Z\u00e1kladn\u00ed \u0161kola a Mate\u0159sk\u00e1 \u0161kola Bystro\u010dice hled\u00e1 kvalifikovanou u\u010ditelku mate\u0159sk\u00e9 \u0161koly na \u00favazek 0,290   Bli\u017e\u0161\u00ed informace na telefonu 585 941 269 ( Mgr. Hana Zajacov\u00e1 &#8211; \u0159editelka \u0161koly). \u017divotopis pos\u00edlejte na email \u0161koly (zs.bystrocice@seznam.cz).<\/p>\n\n\n\n<p>Z\u00e1kladn\u00ed \u0161kola a Mate\u0159sk\u00e1 \u0161kola Bystro\u010dice hled\u00e1 kvalifikovanou u\u010ditelku mate\u0159sk\u00e9 \u0161koly na \u00favazek 0,645(odpoledn\u00ed sm\u011bna).  Bli\u017e\u0161\u00ed informace na telefonu 585 941 269 ( Mgr. Hana Zajacov\u00e1 &#8211; \u0159editelka \u0161koly). \u017divotopis pos\u00edlejte na email \u0161koly (zs.bystrocice@seznam.cz).<\/p>\n\n\n\n<p>Z\u00e1kladn\u00ed \u0161kola a Mate\u0159sk\u00e1 \u0161kola Bystro\u010dice hled\u00e1 kvalifikovan\u00e9ho pedagoga pro 1. stupe\u0148 Z\u0160 na \u00favazek 0,091. Bli\u017e\u0161\u00ed informace na telefonu 585 941 269. \u017divotopis pos\u00edlejte na email \u0161koly ( zs.bystrocice@seznam.cz ).<\/p>\n\n\n\n<p>Z\u00e1kladn\u00ed \u0161kola a Mate\u0159sk\u00e1 \u0161kola Bystro\u010dice hled\u00e1 kvalifikovan\u00e9ho pedagoga pro 1. stupe\u0148 Z\u0160 na \u00favazek 0,6364. Bli\u017e\u0161\u00ed informace na telefonu 585 941 269. \u017divotopis pos\u00edlejte na email \u0161koly ( zs.bystrocice@seznam.cz).<\/p>\n","protected":false},"excerpt":{"rendered":"<p>Z\u00e1kladn\u00ed \u0161kola a Mate\u0159sk\u00e1 \u0161kola Bystro\u010dice hled\u00e1 kvalifikovanou u\u010ditelku mate\u0159sk\u00e9 \u0161koly na \u00favazek 0,290 Bli\u017e\u0161\u00ed informace na telefonu 585 941 269 ( Mgr. Hana Zajacov\u00e1 &#8211; \u0159editelka \u0161koly). \u017divotopis pos\u00edlejte na email \u0161koly (zs.bystrocice@seznam.cz). Z\u00e1kladn\u00ed \u0161kola a Mate\u0159sk\u00e1 \u0161kola Bystro\u010dice hled\u00e1 kvalifikovanou u\u010ditelku mate\u0159sk\u00e9 \u0161koly na \u00favazek 0,645(odpoledn\u00ed sm\u011bna). Bli\u017e\u0161\u00ed [&hellip;]<\/p>\n","protected":false},"author":1,"featured_media":0,"parent":0,"menu_order":0,"comment_status":"closed","ping_status":"closed","template":"","meta":{"ngg_post_thumbnail":0},"_links":{"self":[{"href":"https:\/\/www.zsbystrocice.cz\/index.php?rest_route=\/wp\/v2\/pages\/12147"}],"collection":[{"href":"https:\/\/www.zsbystrocice.cz\/index.php?rest_route=\/wp\/v2\/pages"}],"about":[{"href":"https:\/\/www.zsbystrocice.cz\/index.php?rest_route=\/wp\/v2\/types\/page"}],"author":[{"embeddable":true,"href":"https:\/\/www.zsbystrocice.cz\/index.php?rest_route=\/wp\/v2\/users\/1"}],"replies":[{"embeddable":true,"href":"https:\/\/www.zsbystrocice.cz\/index.php?rest_route=%2Fwp%2Fv2%2Fcomments&post=12147"}],"version-history":[{"count":5,"href":"https:\/\/www.zsbystrocice.cz\/index.php?rest_route=\/wp\/v2\/pages\/12147\/revisions"}],"predecessor-version":[{"id":13629,"href":"https:\/\/www.zsbystrocice.cz\/index.php?rest_route=\/wp\/v2\/pages\/12147\/revisions\/13629"}],"wp:attachment":[{"href":"https:\/\/www.zsbystrocice.cz\/index.php?rest_route=%2Fwp%2Fv2%2Fmedia&parent=12147"}],"curies":[{"name":"wp","href":"https:\/\/api.w.org\/{rel}","templated":true}]}}