{"id":12,"date":"2014-01-23T14:41:17","date_gmt":"2014-01-23T13:41:17","guid":{"rendered":"http:\/\/www.zsbystrocice.cz\/?page_id=12"},"modified":"2025-10-06T14:57:19","modified_gmt":"2025-10-06T13:57:19","slug":"fotogalerie","status":"publish","type":"page","link":"https:\/\/www.zsbystrocice.cz\/?page_id=12","title":{"rendered":"Fotogalerie"},"content":{"rendered":"\n<h3>Aktu\u00e1ln\u00ed \u0161koln\u00ed rok:<\/h3>\n\n\n\nngg_shortcode_0_placeholder\n\n\n\n<h3>Archiv fotogalerie:<\/h3>\n\n\n\nngg_shortcode_1_placeholder\n","protected":false},"excerpt":{"rendered":"<p>Aktu\u00e1ln\u00ed \u0161koln\u00ed rok: Archiv fotogalerie:<\/p>\n","protected":false},"author":1,"featured_media":0,"parent":0,"menu_order":4,"comment_status":"closed","ping_status":"closed","template":"","meta":{"ngg_post_thumbnail":0},"_links":{"self":[{"href":"https:\/\/www.zsbystrocice.cz\/index.php?rest_route=\/wp\/v2\/pages\/12"}],"collection":[{"href":"https:\/\/www.zsbystrocice.cz\/index.php?rest_route=\/wp\/v2\/pages"}],"about":[{"href":"https:\/\/www.zsbystrocice.cz\/index.php?rest_route=\/wp\/v2\/types\/page"}],"author":[{"embeddable":true,"href":"https:\/\/www.zsbystrocice.cz\/index.php?rest_route=\/wp\/v2\/users\/1"}],"replies":[{"embeddable":true,"href":"https:\/\/www.zsbystrocice.cz\/index.php?rest_route=%2Fwp%2Fv2%2Fcomments&post=12"}],"version-history":[{"count":16,"href":"https:\/\/www.zsbystrocice.cz\/index.php?rest_route=\/wp\/v2\/pages\/12\/revisions"}],"predecessor-version":[{"id":14243,"href":"https:\/\/www.zsbystrocice.cz\/index.php?rest_route=\/wp\/v2\/pages\/12\/revisions\/14243"}],"wp:attachment":[{"href":"https:\/\/www.zsbystrocice.cz\/index.php?rest_route=%2Fwp%2Fv2%2Fmedia&parent=12"}],"curies":[{"name":"wp","href":"https:\/\/api.w.org\/{rel}","templated":true}]}}